{"id":10108,"date":"2026-02-08T17:00:32","date_gmt":"2026-02-08T17:00:32","guid":{"rendered":"https:\/\/frame-adv.com\/?page_id=10108"},"modified":"2026-02-08T17:50:36","modified_gmt":"2026-02-08T17:50:36","slug":"madonna-della-neve-2","status":"publish","type":"page","link":"https:\/\/frame-adv.com\/index.php\/madonna-della-neve-2\/","title":{"rendered":"MADONNA DELLA NEVE"},"content":{"rendered":"\t\t<div data-elementor-type=\"wp-page\" data-elementor-id=\"10108\" class=\"elementor elementor-10108\" data-elementor-post-type=\"page\">\n\t\t\t\t\t\t<section class=\"elementor-section elementor-top-section elementor-element elementor-element-93a6078 elementor-section-boxed elementor-section-height-default elementor-section-height-default\" data-id=\"93a6078\" data-element_type=\"section\" data-settings=\"{&quot;background_background&quot;:&quot;classic&quot;}\">\n\t\t\t\t\t\t<div class=\"elementor-container elementor-column-gap-default\">\n\t\t\t\t\t<div class=\"elementor-column elementor-col-50 elementor-top-column elementor-element elementor-element-8c2c73f\" data-id=\"8c2c73f\" data-element_type=\"column\">\n\t\t\t<div class=\"elementor-widget-wrap elementor-element-populated\">\n\t\t\t\t\t\t<div class=\"elementor-element elementor-element-4058921 elementor-widget elementor-widget-text-editor\" data-id=\"4058921\" data-element_type=\"widget\" data-widget_type=\"text-editor.default\">\n\t\t\t\t<div class=\"elementor-widget-container\">\n\t\t\t\t\t\t\t\t\t<p>MADONNA DELLA NEVE<\/p>\t\t\t\t\t\t\t\t<\/div>\n\t\t\t\t<\/div>\n\t\t\t\t<div class=\"elementor-element elementor-element-1c4ea09 elementor-widget elementor-widget-text-editor\" data-id=\"1c4ea09\" data-element_type=\"widget\" data-widget_type=\"text-editor.default\">\n\t\t\t\t<div class=\"elementor-widget-container\">\n\t\t\t\t\t\t\t\t\t<p><span class=\"TextRun SCXW135642605 BCX0\" lang=\"IT-IT\" xml:lang=\"IT-IT\" data-contrast=\"auto\"><span class=\"NormalTextRun SCXW135642605 BCX0\">Un\u2019azienda agricola dove zootecnia, agroalimentare e territorio si incontrano in modo autentico, dando vita a una realt\u00e0 a conduzione familiare che parte dalla terra e si trasforma in un prodotto di qualit\u00e0 arrivando poi al tuo piatto.<\/span><\/span><\/p>\t\t\t\t\t\t\t\t<\/div>\n\t\t\t\t<\/div>\n\t\t\t\t<div class=\"elementor-element elementor-element-eff450b elementor-widget elementor-widget-text-editor\" data-id=\"eff450b\" data-element_type=\"widget\" data-widget_type=\"text-editor.default\">\n\t\t\t\t<div class=\"elementor-widget-container\">\n\t\t\t\t\t\t\t\t\t<div class=\"WordSection1\">Una particolarit\u00e0 che la rende unica nel suo genere \u00e8 la presenza di<b>vacche brune da latte<\/b>, una razza tipicamente legata ai territori montani, qui <span class=\"outlook-search-highlight\" data-markjs=\"true\">alle<\/span>vata in un contesto insolito, che rafforza l\u2019identit\u00e0 distintiva dell\u2019azienda e la qualit\u00e0 della materia prima.<\/div><div class=\"WordSection1\">Per Madonna della Neve curiamo la gestione dei canali social attraverso un progetto di direzione creativa costruito su una scelta narrativa precisa: <b>dare voce agli animali stessi<\/b>, con un tono ironico e diretto, raccontato in prima persona da una bruna.<br \/>Un espediente leggero solo in apparenza, che rende pi\u00f9 accessibile e umano un mondo spesso descritto in modo distante o tecnico. Al pubblico viene raccontato il percorso del latte: dalla stalla al <b>caseificio aziendale<\/b>, dove viene trasformato in differenti e squisiti formaggi artigianali.<\/div><div class=\"WordSection1\">Il nostro lavoro \u00e8 partito dall\u2019ascolto dei ritmi della natura, della filosofia produttiva, dal legame con il territorio e dalla visione di chi opera quotidianamente in azienda, per dare vita ad una presenza social pensata come estensione dell\u2019esperienza reale.<\/div>\t\t\t\t\t\t\t\t<\/div>\n\t\t\t\t<\/div>\n\t\t\t\t\t<\/div>\n\t\t<\/div>\n\t\t\t\t<div class=\"elementor-column elementor-col-50 elementor-top-column elementor-element elementor-element-e06179f\" data-id=\"e06179f\" data-element_type=\"column\" data-settings=\"{&quot;background_background&quot;:&quot;gradient&quot;}\">\n\t\t\t<div class=\"elementor-widget-wrap elementor-element-populated\">\n\t\t\t\t\t\t<div class=\"elementor-element elementor-element-569cbb0 elementor-widget elementor-widget-text-editor\" data-id=\"569cbb0\" data-element_type=\"widget\" data-widget_type=\"text-editor.default\">\n\t\t\t\t<div class=\"elementor-widget-container\">\n\t\t\t\t\t\t\t\t\t<p><strong>IL NOSTRO CONTRIBUTO:\u00a0<\/strong><br \/>SOCIAL MEDIA MANAGEMENT<br \/><span style=\"font-size: inherit; font-family: -apple-system, system-ui, BlinkMacSystemFont, 'Segoe UI', Helvetica, Arial, sans-serif, 'Apple Color Emoji', 'Segoe UI Emoji', 'Segoe UI Symbol';\">SHOOTING FOTO E VIDEO<\/span><\/p>\t\t\t\t\t\t\t\t<\/div>\n\t\t\t\t<\/div>\n\t\t\t\t<div class=\"elementor-element elementor-element-dadddee elementor-hidden-mobile elementor-widget-divider--view-line elementor-widget elementor-widget-divider\" data-id=\"dadddee\" data-element_type=\"widget\" data-widget_type=\"divider.default\">\n\t\t\t\t<div class=\"elementor-widget-container\">\n\t\t\t\t\t\t\t<div class=\"elementor-divider\">\n\t\t\t<span class=\"elementor-divider-separator\">\n\t\t\t\t\t\t<\/span>\n\t\t<\/div>\n\t\t\t\t\t\t<\/div>\n\t\t\t\t<\/div>\n\t\t\t\t\t<\/div>\n\t\t<\/div>\n\t\t\t\t\t<\/div>\n\t\t<\/section>\n\t\t\t\t<section class=\"elementor-section elementor-top-section elementor-element elementor-element-1f38302 elementor-section-boxed elementor-section-height-default elementor-section-height-default\" data-id=\"1f38302\" data-element_type=\"section\" data-settings=\"{&quot;background_background&quot;:&quot;classic&quot;}\">\n\t\t\t\t\t\t<div class=\"elementor-container elementor-column-gap-default\">\n\t\t\t\t\t<div class=\"elementor-column elementor-col-100 elementor-top-column elementor-element elementor-element-589fe84\" data-id=\"589fe84\" data-element_type=\"column\">\n\t\t\t<div class=\"elementor-widget-wrap elementor-element-populated\">\n\t\t\t\t\t\t<div class=\"elementor-element elementor-element-e5fc382 elementor--h-position-center elementor--v-position-middle elementor-arrows-position-inside elementor-widget elementor-widget-slides\" data-id=\"e5fc382\" data-element_type=\"widget\" data-settings=\"{&quot;navigation&quot;:&quot;arrows&quot;,&quot;autoplay&quot;:&quot;yes&quot;,&quot;autoplay_speed&quot;:5000,&quot;infinite&quot;:&quot;yes&quot;,&quot;transition&quot;:&quot;slide&quot;,&quot;transition_speed&quot;:500}\" data-widget_type=\"slides.default\">\n\t\t\t\t<div class=\"elementor-widget-container\">\n\t\t\t\t\t\t\t\t\t<div class=\"elementor-swiper\">\n\t\t\t\t\t<div class=\"elementor-slides-wrapper elementor-main-swiper swiper\" role=\"region\" aria-roledescription=\"carousel\" aria-label=\"Slides\" dir=\"ltr\" data-animation=\"\">\n\t\t\t\t<div class=\"swiper-wrapper elementor-slides\">\n\t\t\t\t\t\t\t\t\t\t<div class=\"elementor-repeater-item-7dad4b4 swiper-slide\" role=\"group\" aria-roledescription=\"slide\"><div class=\"swiper-slide-bg\" role=\"img\"><\/div><div class=\"swiper-slide-inner\" ><div class=\"swiper-slide-contents\"><\/div><\/div><\/div><div class=\"elementor-repeater-item-450b26d swiper-slide\" role=\"group\" aria-roledescription=\"slide\"><div class=\"swiper-slide-bg\" role=\"img\"><\/div><div class=\"swiper-slide-inner\" ><div class=\"swiper-slide-contents\"><\/div><\/div><\/div>\t\t\t\t<\/div>\n\t\t\t\t\t\t\t\t\t\t\t\t\t\t\t<div class=\"elementor-swiper-button elementor-swiper-button-prev\" role=\"button\" tabindex=\"0\" aria-label=\"Diapositiva precedente\">\n\t\t\t\t\t\t\t<i aria-hidden=\"true\" class=\"eicon-chevron-left\"><\/i>\t\t\t\t\t\t<\/div>\n\t\t\t\t\t\t<div class=\"elementor-swiper-button elementor-swiper-button-next\" role=\"button\" tabindex=\"0\" aria-label=\"Prossima diapositiva\">\n\t\t\t\t\t\t\t<i aria-hidden=\"true\" class=\"eicon-chevron-right\"><\/i>\t\t\t\t\t\t<\/div>\n\t\t\t\t\t\t\t\t\t\t\t\t\t\t\t\t\t<\/div>\n\t\t\t\t<\/div>\n\t\t\t\t\t\t\t\t<\/div>\n\t\t\t\t<\/div>\n\t\t\t\t\t<\/div>\n\t\t<\/div>\n\t\t\t\t\t<\/div>\n\t\t<\/section>\n\t\t\t\t<section class=\"elementor-section elementor-top-section elementor-element elementor-element-d7c9def elementor-section-full_width elementor-section-height-default elementor-section-height-default\" data-id=\"d7c9def\" data-element_type=\"section\" data-settings=\"{&quot;background_background&quot;:&quot;classic&quot;}\">\n\t\t\t\t\t\t<div class=\"elementor-container elementor-column-gap-default\">\n\t\t\t\t\t<div class=\"elementor-column elementor-col-50 elementor-top-column elementor-element elementor-element-ef52c38\" data-id=\"ef52c38\" data-element_type=\"column\">\n\t\t\t<div class=\"elementor-widget-wrap elementor-element-populated\">\n\t\t\t\t\t\t<div class=\"elementor-element elementor-element-8adddab elementor-widget elementor-widget-image\" data-id=\"8adddab\" data-element_type=\"widget\" data-widget_type=\"image.default\">\n\t\t\t\t<div class=\"elementor-widget-container\">\n\t\t\t\t\t\t\t\t\t\t\t\t\t\t\t<img decoding=\"async\" src=\"https:\/\/frame-adv.com\/wp-content\/uploads\/elementor\/thumbs\/IMG_4468-riv2z1qy799xsqeeabwg9l6uzy6j2nu3y2gob2eefw.jpg\" title=\"IMG_4468\" alt=\"IMG_4468\" loading=\"lazy\" \/>\t\t\t\t\t\t\t\t\t\t\t\t\t\t\t<\/div>\n\t\t\t\t<\/div>\n\t\t\t\t\t<\/div>\n\t\t<\/div>\n\t\t\t\t<div class=\"elementor-column elementor-col-50 elementor-top-column elementor-element elementor-element-87757c8\" data-id=\"87757c8\" data-element_type=\"column\">\n\t\t\t<div class=\"elementor-widget-wrap elementor-element-populated\">\n\t\t\t\t\t\t<div class=\"elementor-element elementor-element-42d6fe4 elementor-widget elementor-widget-image\" data-id=\"42d6fe4\" data-element_type=\"widget\" data-widget_type=\"image.default\">\n\t\t\t\t<div class=\"elementor-widget-container\">\n\t\t\t\t\t\t\t\t\t\t\t\t\t\t\t<img decoding=\"async\" src=\"https:\/\/frame-adv.com\/wp-content\/uploads\/elementor\/thumbs\/DSC09966-riv2uuexmxirvii7u0him5dncwwfne5bp9fi1ims9y.jpeg\" title=\"DSC09966\" alt=\"DSC09966\" loading=\"lazy\" \/>\t\t\t\t\t\t\t\t\t\t\t\t\t\t\t<\/div>\n\t\t\t\t<\/div>\n\t\t\t\t\t<\/div>\n\t\t<\/div>\n\t\t\t\t\t<\/div>\n\t\t<\/section>\n\t\t\t\t<section class=\"elementor-section elementor-top-section elementor-element elementor-element-f5a59ac elementor-section-full_width elementor-section-height-default elementor-section-height-default\" data-id=\"f5a59ac\" data-element_type=\"section\" data-settings=\"{&quot;background_background&quot;:&quot;classic&quot;}\">\n\t\t\t\t\t\t<div class=\"elementor-container elementor-column-gap-default\">\n\t\t\t\t\t<div class=\"elementor-column elementor-col-100 elementor-top-column elementor-element elementor-element-a3324df\" data-id=\"a3324df\" data-element_type=\"column\">\n\t\t\t<div class=\"elementor-widget-wrap elementor-element-populated\">\n\t\t\t\t\t\t<div class=\"elementor-element elementor-element-fe6f0da elementor-widget elementor-widget-gallery\" data-id=\"fe6f0da\" data-element_type=\"widget\" data-settings=\"{&quot;columns&quot;:3,&quot;gap&quot;:{&quot;unit&quot;:&quot;px&quot;,&quot;size&quot;:16,&quot;sizes&quot;:[]},&quot;aspect_ratio&quot;:&quot;1:1&quot;,&quot;gallery_layout&quot;:&quot;grid&quot;,&quot;columns_tablet&quot;:2,&quot;columns_mobile&quot;:1,&quot;gap_tablet&quot;:{&quot;unit&quot;:&quot;px&quot;,&quot;size&quot;:10,&quot;sizes&quot;:[]},&quot;gap_mobile&quot;:{&quot;unit&quot;:&quot;px&quot;,&quot;size&quot;:10,&quot;sizes&quot;:[]},&quot;content_hover_animation&quot;:&quot;fade-in&quot;}\" data-widget_type=\"gallery.default\">\n\t\t\t\t<div class=\"elementor-widget-container\">\n\t\t\t\t\t\t\t<div class=\"elementor-gallery__container\">\n\t\t\t\t\t\t\t<div class=\"e-gallery-item elementor-gallery-item elementor-animated-content\">\n\t\t\t\t\t<div class=\"e-gallery-image elementor-gallery-item__image\" data-thumbnail=\"https:\/\/frame-adv.com\/wp-content\/uploads\/2026\/02\/MDN_0320.jpeg\" data-width=\"2048\" data-height=\"1365\" aria-label=\"\" role=\"img\" ><\/div>\n\t\t\t\t\t\t\t\t\t\t\t\t\t\t<\/div>\n\t\t\t\t\t\t\t<div class=\"e-gallery-item elementor-gallery-item elementor-animated-content\">\n\t\t\t\t\t<div class=\"e-gallery-image elementor-gallery-item__image\" data-thumbnail=\"https:\/\/frame-adv.com\/wp-content\/uploads\/2026\/02\/MDN_0575.jpg\" data-width=\"1081\" data-height=\"1367\" aria-label=\"\" role=\"img\" ><\/div>\n\t\t\t\t\t\t\t\t\t\t\t\t\t\t<\/div>\n\t\t\t\t\t\t\t<div class=\"e-gallery-item elementor-gallery-item elementor-animated-content\">\n\t\t\t\t\t<div class=\"e-gallery-image elementor-gallery-item__image\" data-thumbnail=\"https:\/\/frame-adv.com\/wp-content\/uploads\/2026\/02\/MDN_0604.jpeg\" data-width=\"2048\" data-height=\"1367\" aria-label=\"\" role=\"img\" ><\/div>\n\t\t\t\t\t\t\t\t\t\t\t\t\t\t<\/div>\n\t\t\t\t\t<\/div>\n\t\t\t\t\t<\/div>\n\t\t\t\t<\/div>\n\t\t\t\t\t<\/div>\n\t\t<\/div>\n\t\t\t\t\t<\/div>\n\t\t<\/section>\n\t\t\t\t<\/div>\n\t\t","protected":false},"excerpt":{"rendered":"<p>MADONNA DELLA NEVE Un\u2019azienda agricola dove zootecnia, agroalimentare e territorio si incontrano in modo autentico, dando vita a una realt\u00e0 a conduzione familiare che parte dalla terra e si trasforma in un prodotto di qualit\u00e0 arrivando poi al tuo piatto. Una particolarit\u00e0 che la rende unica nel suo genere \u00e8 la presenza divacche brune da latte, una razza tipicamente legata ai territori montani, qui allevata in un contesto insolito, che rafforza l\u2019identit\u00e0 distintiva dell\u2019azienda e la qualit\u00e0 della materia prima.Per Madonna della Neve curiamo la gestione dei canali social attraverso un progetto di direzione creativa costruito su una scelta narrativa precisa: dare voce agli animali stessi, con un tono ironico e diretto, raccontato in prima persona da una bruna.Un espediente leggero solo in apparenza, che rende pi\u00f9 accessibile e umano un mondo spesso descritto in modo distante o tecnico. Al pubblico viene raccontato il percorso del latte: dalla stalla al &#8230; <\/p>\n<p class=\"read-more-container\"><a title=\"MADONNA DELLA NEVE\" class=\"read-more button\" href=\"https:\/\/frame-adv.com\/index.php\/madonna-della-neve-2\/#more-10108\" aria-label=\"Per saperne di pi\u00f9 su MADONNA DELLA NEVE\">Continua<\/a><\/p>\n","protected":false},"author":1,"featured_media":0,"parent":0,"menu_order":0,"comment_status":"closed","ping_status":"closed","template":"","meta":{"footnotes":""},"class_list":["post-10108","page","type-page","status-publish"],"yoast_head":"<!-- This site is optimized with the Yoast SEO plugin v25.5 - https:\/\/yoast.com\/wordpress\/plugins\/seo\/ -->\n<title>MADONNA DELLA NEVE - Frame ADV<\/title>\n<meta name=\"robots\" content=\"index, follow, max-snippet:-1, max-image-preview:large, max-video-preview:-1\" \/>\n<link rel=\"canonical\" href=\"https:\/\/frame-adv.com\/index.php\/madonna-della-neve-2\/\" \/>\n<meta property=\"og:locale\" content=\"it_IT\" \/>\n<meta property=\"og:type\" content=\"article\" \/>\n<meta property=\"og:title\" content=\"MADONNA DELLA NEVE - Frame ADV\" \/>\n<meta property=\"og:description\" content=\"MADONNA DELLA NEVE Un\u2019azienda agricola dove zootecnia, agroalimentare e territorio si incontrano in modo autentico, dando vita a una realt\u00e0 a conduzione familiare che parte dalla terra e si trasforma in un prodotto di qualit\u00e0 arrivando poi al tuo piatto. Una particolarit\u00e0 che la rende unica nel suo genere \u00e8 la presenza divacche brune da latte, una razza tipicamente legata ai territori montani, qui allevata in un contesto insolito, che rafforza l\u2019identit\u00e0 distintiva dell\u2019azienda e la qualit\u00e0 della materia prima.Per Madonna della Neve curiamo la gestione dei canali social attraverso un progetto di direzione creativa costruito su una scelta narrativa precisa: dare voce agli animali stessi, con un tono ironico e diretto, raccontato in prima persona da una bruna.Un espediente leggero solo in apparenza, che rende pi\u00f9 accessibile e umano un mondo spesso descritto in modo distante o tecnico. Al pubblico viene raccontato il percorso del latte: dalla stalla al ... Continua\" \/>\n<meta property=\"og:url\" content=\"https:\/\/frame-adv.com\/index.php\/madonna-della-neve-2\/\" \/>\n<meta property=\"og:site_name\" content=\"Frame ADV\" \/>\n<meta property=\"article:modified_time\" content=\"2026-02-08T17:50:36+00:00\" \/>\n<meta property=\"og:image\" content=\"https:\/\/frame-adv.com\/wp-content\/uploads\/elementor\/thumbs\/IMG_4468-riv2z1qy799xsqeeabwg9l6uzy6j2nu3y2gob2eeg6.jpg\" \/>\n<meta name=\"twitter:card\" content=\"summary_large_image\" \/>\n<meta name=\"twitter:label1\" content=\"Tempo di lettura stimato\" \/>\n\t<meta name=\"twitter:data1\" content=\"2 minuti\" \/>\n<script type=\"application\/ld+json\" class=\"yoast-schema-graph\">{\"@context\":\"https:\/\/schema.org\",\"@graph\":[{\"@type\":\"WebPage\",\"@id\":\"https:\/\/frame-adv.com\/index.php\/madonna-della-neve-2\/\",\"url\":\"https:\/\/frame-adv.com\/index.php\/madonna-della-neve-2\/\",\"name\":\"MADONNA DELLA NEVE - Frame ADV\",\"isPartOf\":{\"@id\":\"https:\/\/frame-adv.com\/#website\"},\"primaryImageOfPage\":{\"@id\":\"https:\/\/frame-adv.com\/index.php\/madonna-della-neve-2\/#primaryimage\"},\"image\":{\"@id\":\"https:\/\/frame-adv.com\/index.php\/madonna-della-neve-2\/#primaryimage\"},\"thumbnailUrl\":\"https:\/\/frame-adv.com\/wp-content\/uploads\/elementor\/thumbs\/IMG_4468-riv2z1qy799xsqeeabwg9l6uzy6j2nu3y2gob2eeg6.jpg\",\"datePublished\":\"2026-02-08T17:00:32+00:00\",\"dateModified\":\"2026-02-08T17:50:36+00:00\",\"breadcrumb\":{\"@id\":\"https:\/\/frame-adv.com\/index.php\/madonna-della-neve-2\/#breadcrumb\"},\"inLanguage\":\"it-IT\",\"potentialAction\":[{\"@type\":\"ReadAction\",\"target\":[\"https:\/\/frame-adv.com\/index.php\/madonna-della-neve-2\/\"]}]},{\"@type\":\"ImageObject\",\"inLanguage\":\"it-IT\",\"@id\":\"https:\/\/frame-adv.com\/index.php\/madonna-della-neve-2\/#primaryimage\",\"url\":\"https:\/\/frame-adv.com\/wp-content\/uploads\/elementor\/thumbs\/IMG_4468-riv2z1qy799xsqeeabwg9l6uzy6j2nu3y2gob2eeg6.jpg\",\"contentUrl\":\"https:\/\/frame-adv.com\/wp-content\/uploads\/elementor\/thumbs\/IMG_4468-riv2z1qy799xsqeeabwg9l6uzy6j2nu3y2gob2eeg6.jpg\"},{\"@type\":\"BreadcrumbList\",\"@id\":\"https:\/\/frame-adv.com\/index.php\/madonna-della-neve-2\/#breadcrumb\",\"itemListElement\":[{\"@type\":\"ListItem\",\"position\":1,\"name\":\"Home\",\"item\":\"https:\/\/frame-adv.com\/\"},{\"@type\":\"ListItem\",\"position\":2,\"name\":\"MADONNA DELLA NEVE\"}]},{\"@type\":\"WebSite\",\"@id\":\"https:\/\/frame-adv.com\/#website\",\"url\":\"https:\/\/frame-adv.com\/\",\"name\":\"Frame ADV\",\"description\":\"Agenzia di comunicazione e marketing\",\"publisher\":{\"@id\":\"https:\/\/frame-adv.com\/#organization\"},\"potentialAction\":[{\"@type\":\"SearchAction\",\"target\":{\"@type\":\"EntryPoint\",\"urlTemplate\":\"https:\/\/frame-adv.com\/?s={search_term_string}\"},\"query-input\":{\"@type\":\"PropertyValueSpecification\",\"valueRequired\":true,\"valueName\":\"search_term_string\"}}],\"inLanguage\":\"it-IT\"},{\"@type\":\"Organization\",\"@id\":\"https:\/\/frame-adv.com\/#organization\",\"name\":\"Frame ADV\",\"url\":\"https:\/\/frame-adv.com\/\",\"logo\":{\"@type\":\"ImageObject\",\"inLanguage\":\"it-IT\",\"@id\":\"https:\/\/frame-adv.com\/#\/schema\/logo\/image\/\",\"url\":\"https:\/\/frame-adv.com\/wp-content\/uploads\/2023\/11\/cropped-cropped-E-COMUNICAZIONE.png\",\"contentUrl\":\"https:\/\/frame-adv.com\/wp-content\/uploads\/2023\/11\/cropped-cropped-E-COMUNICAZIONE.png\",\"width\":500,\"height\":136,\"caption\":\"Frame ADV\"},\"image\":{\"@id\":\"https:\/\/frame-adv.com\/#\/schema\/logo\/image\/\"}}]}<\/script>\n<!-- \/ Yoast SEO plugin. -->","yoast_head_json":{"title":"MADONNA DELLA NEVE - Frame ADV","robots":{"index":"index","follow":"follow","max-snippet":"max-snippet:-1","max-image-preview":"max-image-preview:large","max-video-preview":"max-video-preview:-1"},"canonical":"https:\/\/frame-adv.com\/index.php\/madonna-della-neve-2\/","og_locale":"it_IT","og_type":"article","og_title":"MADONNA DELLA NEVE - Frame ADV","og_description":"MADONNA DELLA NEVE Un\u2019azienda agricola dove zootecnia, agroalimentare e territorio si incontrano in modo autentico, dando vita a una realt\u00e0 a conduzione familiare che parte dalla terra e si trasforma in un prodotto di qualit\u00e0 arrivando poi al tuo piatto. Una particolarit\u00e0 che la rende unica nel suo genere \u00e8 la presenza divacche brune da latte, una razza tipicamente legata ai territori montani, qui allevata in un contesto insolito, che rafforza l\u2019identit\u00e0 distintiva dell\u2019azienda e la qualit\u00e0 della materia prima.Per Madonna della Neve curiamo la gestione dei canali social attraverso un progetto di direzione creativa costruito su una scelta narrativa precisa: dare voce agli animali stessi, con un tono ironico e diretto, raccontato in prima persona da una bruna.Un espediente leggero solo in apparenza, che rende pi\u00f9 accessibile e umano un mondo spesso descritto in modo distante o tecnico. Al pubblico viene raccontato il percorso del latte: dalla stalla al ... Continua","og_url":"https:\/\/frame-adv.com\/index.php\/madonna-della-neve-2\/","og_site_name":"Frame ADV","article_modified_time":"2026-02-08T17:50:36+00:00","og_image":[{"url":"https:\/\/frame-adv.com\/wp-content\/uploads\/elementor\/thumbs\/IMG_4468-riv2z1qy799xsqeeabwg9l6uzy6j2nu3y2gob2eeg6.jpg","type":"","width":"","height":""}],"twitter_card":"summary_large_image","twitter_misc":{"Tempo di lettura stimato":"2 minuti"},"schema":{"@context":"https:\/\/schema.org","@graph":[{"@type":"WebPage","@id":"https:\/\/frame-adv.com\/index.php\/madonna-della-neve-2\/","url":"https:\/\/frame-adv.com\/index.php\/madonna-della-neve-2\/","name":"MADONNA DELLA NEVE - Frame ADV","isPartOf":{"@id":"https:\/\/frame-adv.com\/#website"},"primaryImageOfPage":{"@id":"https:\/\/frame-adv.com\/index.php\/madonna-della-neve-2\/#primaryimage"},"image":{"@id":"https:\/\/frame-adv.com\/index.php\/madonna-della-neve-2\/#primaryimage"},"thumbnailUrl":"https:\/\/frame-adv.com\/wp-content\/uploads\/elementor\/thumbs\/IMG_4468-riv2z1qy799xsqeeabwg9l6uzy6j2nu3y2gob2eeg6.jpg","datePublished":"2026-02-08T17:00:32+00:00","dateModified":"2026-02-08T17:50:36+00:00","breadcrumb":{"@id":"https:\/\/frame-adv.com\/index.php\/madonna-della-neve-2\/#breadcrumb"},"inLanguage":"it-IT","potentialAction":[{"@type":"ReadAction","target":["https:\/\/frame-adv.com\/index.php\/madonna-della-neve-2\/"]}]},{"@type":"ImageObject","inLanguage":"it-IT","@id":"https:\/\/frame-adv.com\/index.php\/madonna-della-neve-2\/#primaryimage","url":"https:\/\/frame-adv.com\/wp-content\/uploads\/elementor\/thumbs\/IMG_4468-riv2z1qy799xsqeeabwg9l6uzy6j2nu3y2gob2eeg6.jpg","contentUrl":"https:\/\/frame-adv.com\/wp-content\/uploads\/elementor\/thumbs\/IMG_4468-riv2z1qy799xsqeeabwg9l6uzy6j2nu3y2gob2eeg6.jpg"},{"@type":"BreadcrumbList","@id":"https:\/\/frame-adv.com\/index.php\/madonna-della-neve-2\/#breadcrumb","itemListElement":[{"@type":"ListItem","position":1,"name":"Home","item":"https:\/\/frame-adv.com\/"},{"@type":"ListItem","position":2,"name":"MADONNA DELLA NEVE"}]},{"@type":"WebSite","@id":"https:\/\/frame-adv.com\/#website","url":"https:\/\/frame-adv.com\/","name":"Frame ADV","description":"Agenzia di comunicazione e marketing","publisher":{"@id":"https:\/\/frame-adv.com\/#organization"},"potentialAction":[{"@type":"SearchAction","target":{"@type":"EntryPoint","urlTemplate":"https:\/\/frame-adv.com\/?s={search_term_string}"},"query-input":{"@type":"PropertyValueSpecification","valueRequired":true,"valueName":"search_term_string"}}],"inLanguage":"it-IT"},{"@type":"Organization","@id":"https:\/\/frame-adv.com\/#organization","name":"Frame ADV","url":"https:\/\/frame-adv.com\/","logo":{"@type":"ImageObject","inLanguage":"it-IT","@id":"https:\/\/frame-adv.com\/#\/schema\/logo\/image\/","url":"https:\/\/frame-adv.com\/wp-content\/uploads\/2023\/11\/cropped-cropped-E-COMUNICAZIONE.png","contentUrl":"https:\/\/frame-adv.com\/wp-content\/uploads\/2023\/11\/cropped-cropped-E-COMUNICAZIONE.png","width":500,"height":136,"caption":"Frame ADV"},"image":{"@id":"https:\/\/frame-adv.com\/#\/schema\/logo\/image\/"}}]}},"_links":{"self":[{"href":"https:\/\/frame-adv.com\/index.php\/wp-json\/wp\/v2\/pages\/10108","targetHints":{"allow":["GET"]}}],"collection":[{"href":"https:\/\/frame-adv.com\/index.php\/wp-json\/wp\/v2\/pages"}],"about":[{"href":"https:\/\/frame-adv.com\/index.php\/wp-json\/wp\/v2\/types\/page"}],"author":[{"embeddable":true,"href":"https:\/\/frame-adv.com\/index.php\/wp-json\/wp\/v2\/users\/1"}],"replies":[{"embeddable":true,"href":"https:\/\/frame-adv.com\/index.php\/wp-json\/wp\/v2\/comments?post=10108"}],"version-history":[{"count":5,"href":"https:\/\/frame-adv.com\/index.php\/wp-json\/wp\/v2\/pages\/10108\/revisions"}],"predecessor-version":[{"id":10164,"href":"https:\/\/frame-adv.com\/index.php\/wp-json\/wp\/v2\/pages\/10108\/revisions\/10164"}],"wp:attachment":[{"href":"https:\/\/frame-adv.com\/index.php\/wp-json\/wp\/v2\/media?parent=10108"}],"curies":[{"name":"wp","href":"https:\/\/api.w.org\/{rel}","templated":true}]}}