{"id":3217,"date":"2023-01-27T15:49:33","date_gmt":"2023-01-27T15:49:33","guid":{"rendered":"https:\/\/suspicious-hodgkin.51-89-175-194.plesk.page\/?page_id=3217"},"modified":"2024-07-02T13:33:55","modified_gmt":"2024-07-02T13:33:55","slug":"social-media-marketing","status":"publish","type":"page","link":"https:\/\/frame-adv.com\/index.php\/social-media-marketing\/","title":{"rendered":"Social Media Marketing"},"content":{"rendered":"\t\t<div data-elementor-type=\"wp-page\" data-elementor-id=\"3217\" class=\"elementor elementor-3217\" data-elementor-post-type=\"page\">\n\t\t\t\t\t\t<section class=\"elementor-section elementor-top-section elementor-element elementor-element-9043ddd elementor-section-full_width elementor-hidden-mobile elementor-section-height-default elementor-section-height-default\" data-id=\"9043ddd\" data-element_type=\"section\">\n\t\t\t\t\t\t<div class=\"elementor-container elementor-column-gap-no\">\n\t\t\t\t\t<div class=\"elementor-column elementor-col-100 elementor-top-column elementor-element elementor-element-c23eb8d\" data-id=\"c23eb8d\" data-element_type=\"column\">\n\t\t\t<div class=\"elementor-widget-wrap elementor-element-populated\">\n\t\t\t\t\t\t<div class=\"elementor-element elementor-element-bcfe812 elementor-widget elementor-widget-video\" data-id=\"bcfe812\" data-element_type=\"widget\" data-settings=\"{&quot;video_type&quot;:&quot;hosted&quot;,&quot;autoplay&quot;:&quot;yes&quot;}\" data-widget_type=\"video.default\">\n\t\t\t\t<div class=\"elementor-widget-container\">\n\t\t\t\t\t\t\t<div class=\"e-hosted-video elementor-wrapper elementor-open-inline\">\n\t\t\t\t\t<video class=\"elementor-video\" src=\"https:\/\/frame-adv.com\/wp-content\/uploads\/2023\/03\/SOCIAL-MEDIA-MARKETING.mp4\" autoplay=\"\" controlsList=\"nodownload\"><\/video>\n\t\t\t\t<\/div>\n\t\t\t\t\t\t<\/div>\n\t\t\t\t<\/div>\n\t\t\t\t\t<\/div>\n\t\t<\/div>\n\t\t\t\t\t<\/div>\n\t\t<\/section>\n\t\t\t\t<section class=\"elementor-section elementor-top-section elementor-element elementor-element-b5033cb elementor-section-full_width elementor-hidden-desktop elementor-hidden-tablet elementor-section-height-default elementor-section-height-default\" data-id=\"b5033cb\" data-element_type=\"section\">\n\t\t\t\t\t\t<div class=\"elementor-container elementor-column-gap-no\">\n\t\t\t\t\t<div class=\"elementor-column elementor-col-100 elementor-top-column elementor-element elementor-element-13ebfa4\" data-id=\"13ebfa4\" data-element_type=\"column\">\n\t\t\t<div class=\"elementor-widget-wrap elementor-element-populated\">\n\t\t\t\t\t\t<div class=\"elementor-element elementor-element-bf035a3 elementor-widget elementor-widget-video\" data-id=\"bf035a3\" data-element_type=\"widget\" data-settings=\"{&quot;video_type&quot;:&quot;hosted&quot;,&quot;autoplay&quot;:&quot;yes&quot;,&quot;mute&quot;:&quot;yes&quot;,&quot;play_on_mobile&quot;:&quot;yes&quot;}\" data-widget_type=\"video.default\">\n\t\t\t\t<div class=\"elementor-widget-container\">\n\t\t\t\t\t\t\t<div class=\"e-hosted-video elementor-wrapper elementor-open-inline\">\n\t\t\t\t\t<video class=\"elementor-video\" src=\"https:\/\/frame-adv.com\/wp-content\/uploads\/2023\/05\/WEB-MARKETING-4-copia.mp4\" autoplay=\"\" muted=\"muted\" playsinline=\"\" controlsList=\"nodownload\"><\/video>\n\t\t\t\t<\/div>\n\t\t\t\t\t\t<\/div>\n\t\t\t\t<\/div>\n\t\t\t\t\t<\/div>\n\t\t<\/div>\n\t\t\t\t\t<\/div>\n\t\t<\/section>\n\t\t\t\t<section class=\"elementor-section elementor-top-section elementor-element elementor-element-61470b6 elementor-section-boxed elementor-section-height-default elementor-section-height-default\" data-id=\"61470b6\" data-element_type=\"section\" data-settings=\"{&quot;background_background&quot;:&quot;classic&quot;}\">\n\t\t\t\t\t\t<div class=\"elementor-container elementor-column-gap-default\">\n\t\t\t\t\t<div class=\"elementor-column elementor-col-100 elementor-top-column elementor-element elementor-element-6c2c866\" data-id=\"6c2c866\" data-element_type=\"column\">\n\t\t\t<div class=\"elementor-widget-wrap elementor-element-populated\">\n\t\t\t\t\t\t<div class=\"elementor-element elementor-element-aab99d4 animated-slow elementor-invisible elementor-widget elementor-widget-text-editor\" data-id=\"aab99d4\" data-element_type=\"widget\" data-settings=\"{&quot;_animation&quot;:&quot;fadeIn&quot;}\" data-widget_type=\"text-editor.default\">\n\t\t\t\t<div class=\"elementor-widget-container\">\n\t\t\t\t\t\t\t\t\t<h1>Come anni fa le piazze erano fisiche e i mercati erano nei quartieri, oggi le piazze sono virtuali e i mercati trovano posto in esse.\u00a0<\/h1>\t\t\t\t\t\t\t\t<\/div>\n\t\t\t\t<\/div>\n\t\t\t\t<div class=\"elementor-element elementor-element-96b4a00 elementor-widget elementor-widget-text-editor\" data-id=\"96b4a00\" data-element_type=\"widget\" data-widget_type=\"text-editor.default\">\n\t\t\t\t<div class=\"elementor-widget-container\">\n\t\t\t\t\t\t\t\t\t<h2>Qui vengono proposti prodotti e servizi a chi li ricerca ma anche a chi non sa, forse, di averne bisogno (\u00e8 quella che chiamiamo <em><span style=\"color: #929292;\">domanda inconsapevole <\/span><\/em>).<\/h2>\t\t\t\t\t\t\t\t<\/div>\n\t\t\t\t<\/div>\n\t\t\t\t\t<\/div>\n\t\t<\/div>\n\t\t\t\t\t<\/div>\n\t\t<\/section>\n\t\t\t\t<section class=\"elementor-section elementor-top-section elementor-element elementor-element-328d8aa elementor-section-boxed elementor-section-height-default elementor-section-height-default\" data-id=\"328d8aa\" data-element_type=\"section\" data-settings=\"{&quot;background_background&quot;:&quot;classic&quot;}\">\n\t\t\t\t\t\t<div class=\"elementor-container elementor-column-gap-default\">\n\t\t\t\t\t<div class=\"elementor-column elementor-col-100 elementor-top-column elementor-element elementor-element-c4da271\" data-id=\"c4da271\" data-element_type=\"column\">\n\t\t\t<div class=\"elementor-widget-wrap elementor-element-populated\">\n\t\t\t\t\t\t<section class=\"elementor-section elementor-inner-section elementor-element elementor-element-6687a32 elementor-section-boxed elementor-section-height-default elementor-section-height-default\" data-id=\"6687a32\" data-element_type=\"section\">\n\t\t\t\t\t\t<div class=\"elementor-container elementor-column-gap-default\">\n\t\t\t\t\t<div class=\"elementor-column elementor-col-50 elementor-inner-column elementor-element elementor-element-3214232\" data-id=\"3214232\" data-element_type=\"column\">\n\t\t\t<div class=\"elementor-widget-wrap elementor-element-populated\">\n\t\t\t\t\t\t<div class=\"elementor-element elementor-element-187c3c9 elementor-invisible elementor-widget elementor-widget-text-editor\" data-id=\"187c3c9\" data-element_type=\"widget\" data-settings=\"{&quot;_animation&quot;:&quot;fadeIn&quot;}\" data-widget_type=\"text-editor.default\">\n\t\t\t\t<div class=\"elementor-widget-container\">\n\t\t\t\t\t\t\t\t\t<h1>Una presenza coinvolgente nei <em><span style=\"color: #c0b7f8;\">canali social <\/span><\/em>\u00e8 importante, perch\u00e8 qui si trovano gran parte dei tuoi clienti attuali e potenziali.<\/h1>\t\t\t\t\t\t\t\t<\/div>\n\t\t\t\t<\/div>\n\t\t\t\t\t<\/div>\n\t\t<\/div>\n\t\t\t\t<div class=\"elementor-column elementor-col-50 elementor-inner-column elementor-element elementor-element-b1180f3\" data-id=\"b1180f3\" data-element_type=\"column\" data-settings=\"{&quot;background_background&quot;:&quot;classic&quot;}\">\n\t\t\t<div class=\"elementor-widget-wrap elementor-element-populated\">\n\t\t\t\t\t\t<div class=\"elementor-element elementor-element-5bfdf9e elementor-invisible elementor-widget elementor-widget-text-editor\" data-id=\"5bfdf9e\" data-element_type=\"widget\" data-settings=\"{&quot;_animation&quot;:&quot;fadeInRight&quot;,&quot;_animation_mobile&quot;:&quot;fadeInRight&quot;}\" data-widget_type=\"text-editor.default\">\n\t\t\t\t<div class=\"elementor-widget-container\">\n\t\t\t\t\t\t\t\t\t<h1>Non chiamare tuo<em>\u201ccuggino\u201d<\/em><\/h1>\t\t\t\t\t\t\t\t<\/div>\n\t\t\t\t<\/div>\n\t\t\t\t<div class=\"elementor-element elementor-element-e6158a1 elementor-widget elementor-widget-text-editor\" data-id=\"e6158a1\" data-element_type=\"widget\" data-widget_type=\"text-editor.default\">\n\t\t\t\t<div class=\"elementor-widget-container\">\n\t\t\t\t\t\t\t\t\tAvere un telefonino, un profilo social personale, o semplicemente nascere nell\u2019era digitale, non rendono chiunque un <em><span style=\"color: #000000;\">Social Media Manager <\/span><\/em>: occorrono competenze diversificate e strategiche precise, che noi siamo in grado di offrirti.\t\t\t\t\t\t\t\t<\/div>\n\t\t\t\t<\/div>\n\t\t\t\t\t<\/div>\n\t\t<\/div>\n\t\t\t\t\t<\/div>\n\t\t<\/section>\n\t\t\t\t\t<\/div>\n\t\t<\/div>\n\t\t\t\t\t<\/div>\n\t\t<\/section>\n\t\t\t\t<section class=\"elementor-section elementor-top-section elementor-element elementor-element-fa9ef67 elementor-section-boxed elementor-section-height-default elementor-section-height-default\" data-id=\"fa9ef67\" data-element_type=\"section\" data-settings=\"{&quot;background_background&quot;:&quot;classic&quot;}\">\n\t\t\t\t\t\t<div class=\"elementor-container elementor-column-gap-default\">\n\t\t\t\t\t<div class=\"elementor-column elementor-col-100 elementor-top-column elementor-element elementor-element-68028de\" data-id=\"68028de\" data-element_type=\"column\">\n\t\t\t<div class=\"elementor-widget-wrap elementor-element-populated\">\n\t\t\t\t\t\t<section class=\"elementor-section elementor-inner-section elementor-element elementor-element-bf454c5 elementor-section-boxed elementor-section-height-default elementor-section-height-default\" data-id=\"bf454c5\" data-element_type=\"section\">\n\t\t\t\t\t\t<div class=\"elementor-container elementor-column-gap-default\">\n\t\t\t\t\t<div class=\"elementor-column elementor-col-50 elementor-inner-column elementor-element elementor-element-955fc68\" data-id=\"955fc68\" data-element_type=\"column\" data-settings=\"{&quot;background_background&quot;:&quot;classic&quot;}\">\n\t\t\t<div class=\"elementor-widget-wrap elementor-element-populated\">\n\t\t\t\t\t\t<div class=\"elementor-element elementor-element-5a8e08e elementor-invisible elementor-widget elementor-widget-text-editor\" data-id=\"5a8e08e\" data-element_type=\"widget\" data-settings=\"{&quot;_animation&quot;:&quot;fadeInLeft&quot;}\" data-widget_type=\"text-editor.default\">\n\t\t\t\t<div class=\"elementor-widget-container\">\n\t\t\t\t\t\t\t\t\t<h1>La tua <em><span style=\"color: #000000;\">vetrina <\/span><\/em><\/h1>\t\t\t\t\t\t\t\t<\/div>\n\t\t\t\t<\/div>\n\t\t\t\t<div class=\"elementor-element elementor-element-35ae75f elementor-widget elementor-widget-text-editor\" data-id=\"35ae75f\" data-element_type=\"widget\" data-widget_type=\"text-editor.default\">\n\t\t\t\t<div class=\"elementor-widget-container\">\n\t\t\t\t\t\t\t\t\tUna volta definiti gli obiettivi generali, i canali social seguono la strategia concordata, senza limitarsi al solo \u201cpubblicare un post\u201d: i contatti raccolti vanno seguiti, le richieste di informazioni evase, i commenti gestiti, la reputazione curata. Una vera e propria <em><span style=\"color: #000000;\">vetrina digitale <\/span><\/em>per la tua azienda.\t\t\t\t\t\t\t\t<\/div>\n\t\t\t\t<\/div>\n\t\t\t\t\t<\/div>\n\t\t<\/div>\n\t\t\t\t<div class=\"elementor-column elementor-col-50 elementor-inner-column elementor-element elementor-element-dbbb6d6\" data-id=\"dbbb6d6\" data-element_type=\"column\" data-settings=\"{&quot;background_background&quot;:&quot;classic&quot;}\">\n\t\t\t<div class=\"elementor-widget-wrap elementor-element-populated\">\n\t\t\t\t\t\t<div class=\"elementor-element elementor-element-1d4e51e elementor-invisible elementor-widget elementor-widget-text-editor\" data-id=\"1d4e51e\" data-element_type=\"widget\" data-settings=\"{&quot;_animation&quot;:&quot;fadeInRight&quot;}\" data-widget_type=\"text-editor.default\">\n\t\t\t\t<div class=\"elementor-widget-container\">\n\t\t\t\t\t\t\t\t\t<h1>Investire nei <em><span style=\"color: #929292;\">Social <\/span><\/em><\/h1>\t\t\t\t\t\t\t\t<\/div>\n\t\t\t\t<\/div>\n\t\t\t\t<div class=\"elementor-element elementor-element-bd6fb0f elementor-widget elementor-widget-text-editor\" data-id=\"bd6fb0f\" data-element_type=\"widget\" data-widget_type=\"text-editor.default\">\n\t\t\t\t<div class=\"elementor-widget-container\">\n\t\t\t\t\t\t\t\t\tLa gestione delle pagine, dei commenti e dei messaggi, si accompagna all\u2019<em><span style=\"color: #929292;\">attivit\u00e0 pubblicitaria <\/span><\/em> che i canali Social offrono come importante e ulteriore possibilit\u00e0 per ottenere risultati migliori: qui, la conoscenza dell\u2019<em><span style=\"color: #929292;\">algoritmo <\/span><\/em> (cio\u00e8 delle \u201cregole\u201d che fanno funzionare la piattaforma), delle strategie pi\u00f9 adatte e una forte creativit\u00e0 costituiscono elementi imprescindibili, che siamo in grado di mettere totalmente a tua disposizione per supportarti nei risultati che vorrai raggiungere.\t\t\t\t\t\t\t\t<\/div>\n\t\t\t\t<\/div>\n\t\t\t\t\t<\/div>\n\t\t<\/div>\n\t\t\t\t\t<\/div>\n\t\t<\/section>\n\t\t\t\t\t<\/div>\n\t\t<\/div>\n\t\t\t\t\t<\/div>\n\t\t<\/section>\n\t\t\t\t<section class=\"elementor-section elementor-top-section elementor-element elementor-element-71258d9 elementor-section-boxed elementor-section-height-default elementor-section-height-default\" data-id=\"71258d9\" data-element_type=\"section\" data-settings=\"{&quot;background_background&quot;:&quot;classic&quot;}\">\n\t\t\t\t\t\t<div class=\"elementor-container elementor-column-gap-default\">\n\t\t\t\t\t<div class=\"elementor-column elementor-col-100 elementor-top-column elementor-element elementor-element-270052f\" data-id=\"270052f\" data-element_type=\"column\">\n\t\t\t<div class=\"elementor-widget-wrap elementor-element-populated\">\n\t\t\t\t\t\t<section class=\"elementor-section elementor-inner-section elementor-element elementor-element-2eaf3af elementor-section-boxed elementor-section-height-default elementor-section-height-default\" data-id=\"2eaf3af\" data-element_type=\"section\">\n\t\t\t\t\t\t<div class=\"elementor-container elementor-column-gap-default\">\n\t\t\t\t\t<div class=\"elementor-column elementor-col-50 elementor-inner-column elementor-element elementor-element-83c75b1\" data-id=\"83c75b1\" data-element_type=\"column\">\n\t\t\t<div class=\"elementor-widget-wrap elementor-element-populated\">\n\t\t\t\t\t\t<div class=\"elementor-element elementor-element-2463b91 elementor-invisible elementor-widget elementor-widget-text-editor\" data-id=\"2463b91\" data-element_type=\"widget\" data-settings=\"{&quot;_animation&quot;:&quot;fadeInLeft&quot;}\" data-widget_type=\"text-editor.default\">\n\t\t\t\t<div class=\"elementor-widget-container\">\n\t\t\t\t\t\t\t\t\t<h1>Da oggi, non abbiamo dubbi, non guarderai pi\u00f9 i social con gli stessi occhi.<br \/><br \/><\/h1>\t\t\t\t\t\t\t\t<\/div>\n\t\t\t\t<\/div>\n\t\t\t\t\t<\/div>\n\t\t<\/div>\n\t\t\t\t<div class=\"elementor-column elementor-col-50 elementor-inner-column elementor-element elementor-element-bd23483\" data-id=\"bd23483\" data-element_type=\"column\" data-settings=\"{&quot;background_background&quot;:&quot;classic&quot;}\">\n\t\t\t<div class=\"elementor-widget-wrap elementor-element-populated\">\n\t\t\t\t\t\t<div class=\"elementor-element elementor-element-cdb3e52 elementor-widget elementor-widget-text-editor\" data-id=\"cdb3e52\" data-element_type=\"widget\" data-widget_type=\"text-editor.default\">\n\t\t\t\t<div class=\"elementor-widget-container\">\n\t\t\t\t\t\t\t\t\t<h1><a href=\"https:\/\/frame-adv.com\/index.php\/story-telling-2\/\"><span style=\"color: #000000;\">Scopri qui come daremo valore ai tuoi canali attraverso un approccio innovativo e coinvolgente!<\/span><\/a><\/h1>\t\t\t\t\t\t\t\t<\/div>\n\t\t\t\t<\/div>\n\t\t\t\t\t<\/div>\n\t\t<\/div>\n\t\t\t\t\t<\/div>\n\t\t<\/section>\n\t\t\t\t\t<\/div>\n\t\t<\/div>\n\t\t\t\t\t<\/div>\n\t\t<\/section>\n\t\t\t\t<\/div>\n\t\t","protected":false},"excerpt":{"rendered":"<p>https:\/\/frame-adv.com\/wp-content\/uploads\/2023\/03\/SOCIAL-MEDIA-MARKETING.mp4https:\/\/frame-adv.com\/wp-content\/uploads\/2023\/05\/WEB-MARKETING-4-copia.mp4 Come anni fa le piazze erano fisiche e i mercati erano nei quartieri, oggi le piazze sono virtuali e i mercati trovano posto in esse. Qui vengono proposti prodotti e servizi a chi li ricerca ma anche a chi non sa, forse, di averne bisogno (\u00e8 quella che chiamiamo domanda inconsapevole ). Una presenza coinvolgente nei canali social \u00e8 importante, perch\u00e8 qui si trovano gran parte dei tuoi clienti attuali e potenziali. Non chiamare tuo\u201ccuggino\u201d Avere un telefonino, un profilo social personale, o semplicemente nascere nell\u2019era digitale, non rendono chiunque un Social Media Manager : occorrono competenze diversificate e strategiche precise, che noi siamo in grado di offrirti. La tua vetrina Una volta definiti gli obiettivi generali, i canali social seguono la strategia concordata, senza limitarsi al solo \u201cpubblicare un post\u201d: i contatti raccolti vanno seguiti, le richieste di informazioni evase, i commenti gestiti, la reputazione curata. Una vera &#8230; <\/p>\n<p class=\"read-more-container\"><a title=\"Social Media Marketing\" class=\"read-more button\" href=\"https:\/\/frame-adv.com\/index.php\/social-media-marketing\/#more-3217\" aria-label=\"Per saperne di pi\u00f9 su Social Media Marketing\">Continua<\/a><\/p>\n","protected":false},"author":1,"featured_media":0,"parent":0,"menu_order":0,"comment_status":"closed","ping_status":"closed","template":"","meta":{"footnotes":""},"class_list":["post-3217","page","type-page","status-publish"],"yoast_head":"<!-- This site is optimized with the Yoast SEO plugin v25.5 - https:\/\/yoast.com\/wordpress\/plugins\/seo\/ -->\n<title>Social Media Marketing - Frame ADV<\/title>\n<meta name=\"description\" content=\"Come anni fa le piazze erano fisiche e i mercati erano nei quartieri, oggi le piazze sono virtuali e i mercati trovano posto in esse.\" \/>\n<meta name=\"robots\" content=\"index, follow, max-snippet:-1, max-image-preview:large, max-video-preview:-1\" \/>\n<link rel=\"canonical\" href=\"https:\/\/frame-adv.com\/index.php\/social-media-marketing\/\" \/>\n<meta property=\"og:locale\" content=\"it_IT\" \/>\n<meta property=\"og:type\" content=\"article\" \/>\n<meta property=\"og:title\" content=\"Social Media Marketing - Frame ADV\" \/>\n<meta property=\"og:description\" content=\"Come anni fa le piazze erano fisiche e i mercati erano nei quartieri, oggi le piazze sono virtuali e i mercati trovano posto in esse.\" \/>\n<meta property=\"og:url\" content=\"https:\/\/frame-adv.com\/index.php\/social-media-marketing\/\" \/>\n<meta property=\"og:site_name\" content=\"Frame ADV\" \/>\n<meta property=\"article:modified_time\" content=\"2024-07-02T13:33:55+00:00\" \/>\n<meta name=\"twitter:card\" content=\"summary_large_image\" \/>\n<meta name=\"twitter:label1\" content=\"Tempo di lettura stimato\" \/>\n\t<meta name=\"twitter:data1\" content=\"2 minuti\" \/>\n<script type=\"application\/ld+json\" class=\"yoast-schema-graph\">{\"@context\":\"https:\/\/schema.org\",\"@graph\":[{\"@type\":\"WebPage\",\"@id\":\"https:\/\/frame-adv.com\/index.php\/social-media-marketing\/\",\"url\":\"https:\/\/frame-adv.com\/index.php\/social-media-marketing\/\",\"name\":\"Social Media Marketing - Frame ADV\",\"isPartOf\":{\"@id\":\"https:\/\/frame-adv.com\/#website\"},\"datePublished\":\"2023-01-27T15:49:33+00:00\",\"dateModified\":\"2024-07-02T13:33:55+00:00\",\"description\":\"Come anni fa le piazze erano fisiche e i mercati erano nei quartieri, oggi le piazze sono virtuali e i mercati trovano posto in esse.\",\"breadcrumb\":{\"@id\":\"https:\/\/frame-adv.com\/index.php\/social-media-marketing\/#breadcrumb\"},\"inLanguage\":\"it-IT\",\"potentialAction\":[{\"@type\":\"ReadAction\",\"target\":[\"https:\/\/frame-adv.com\/index.php\/social-media-marketing\/\"]}]},{\"@type\":\"BreadcrumbList\",\"@id\":\"https:\/\/frame-adv.com\/index.php\/social-media-marketing\/#breadcrumb\",\"itemListElement\":[{\"@type\":\"ListItem\",\"position\":1,\"name\":\"Home\",\"item\":\"https:\/\/frame-adv.com\/\"},{\"@type\":\"ListItem\",\"position\":2,\"name\":\"Social Media Marketing\"}]},{\"@type\":\"WebSite\",\"@id\":\"https:\/\/frame-adv.com\/#website\",\"url\":\"https:\/\/frame-adv.com\/\",\"name\":\"Frame ADV\",\"description\":\"Agenzia di comunicazione e marketing\",\"publisher\":{\"@id\":\"https:\/\/frame-adv.com\/#organization\"},\"potentialAction\":[{\"@type\":\"SearchAction\",\"target\":{\"@type\":\"EntryPoint\",\"urlTemplate\":\"https:\/\/frame-adv.com\/?s={search_term_string}\"},\"query-input\":{\"@type\":\"PropertyValueSpecification\",\"valueRequired\":true,\"valueName\":\"search_term_string\"}}],\"inLanguage\":\"it-IT\"},{\"@type\":\"Organization\",\"@id\":\"https:\/\/frame-adv.com\/#organization\",\"name\":\"Frame ADV\",\"url\":\"https:\/\/frame-adv.com\/\",\"logo\":{\"@type\":\"ImageObject\",\"inLanguage\":\"it-IT\",\"@id\":\"https:\/\/frame-adv.com\/#\/schema\/logo\/image\/\",\"url\":\"https:\/\/frame-adv.com\/wp-content\/uploads\/2023\/11\/cropped-cropped-E-COMUNICAZIONE.png\",\"contentUrl\":\"https:\/\/frame-adv.com\/wp-content\/uploads\/2023\/11\/cropped-cropped-E-COMUNICAZIONE.png\",\"width\":500,\"height\":136,\"caption\":\"Frame ADV\"},\"image\":{\"@id\":\"https:\/\/frame-adv.com\/#\/schema\/logo\/image\/\"}}]}<\/script>\n<!-- \/ Yoast SEO plugin. -->","yoast_head_json":{"title":"Social Media Marketing - Frame ADV","description":"Come anni fa le piazze erano fisiche e i mercati erano nei quartieri, oggi le piazze sono virtuali e i mercati trovano posto in esse.","robots":{"index":"index","follow":"follow","max-snippet":"max-snippet:-1","max-image-preview":"max-image-preview:large","max-video-preview":"max-video-preview:-1"},"canonical":"https:\/\/frame-adv.com\/index.php\/social-media-marketing\/","og_locale":"it_IT","og_type":"article","og_title":"Social Media Marketing - Frame ADV","og_description":"Come anni fa le piazze erano fisiche e i mercati erano nei quartieri, oggi le piazze sono virtuali e i mercati trovano posto in esse.","og_url":"https:\/\/frame-adv.com\/index.php\/social-media-marketing\/","og_site_name":"Frame ADV","article_modified_time":"2024-07-02T13:33:55+00:00","twitter_card":"summary_large_image","twitter_misc":{"Tempo di lettura stimato":"2 minuti"},"schema":{"@context":"https:\/\/schema.org","@graph":[{"@type":"WebPage","@id":"https:\/\/frame-adv.com\/index.php\/social-media-marketing\/","url":"https:\/\/frame-adv.com\/index.php\/social-media-marketing\/","name":"Social Media Marketing - Frame ADV","isPartOf":{"@id":"https:\/\/frame-adv.com\/#website"},"datePublished":"2023-01-27T15:49:33+00:00","dateModified":"2024-07-02T13:33:55+00:00","description":"Come anni fa le piazze erano fisiche e i mercati erano nei quartieri, oggi le piazze sono virtuali e i mercati trovano posto in esse.","breadcrumb":{"@id":"https:\/\/frame-adv.com\/index.php\/social-media-marketing\/#breadcrumb"},"inLanguage":"it-IT","potentialAction":[{"@type":"ReadAction","target":["https:\/\/frame-adv.com\/index.php\/social-media-marketing\/"]}]},{"@type":"BreadcrumbList","@id":"https:\/\/frame-adv.com\/index.php\/social-media-marketing\/#breadcrumb","itemListElement":[{"@type":"ListItem","position":1,"name":"Home","item":"https:\/\/frame-adv.com\/"},{"@type":"ListItem","position":2,"name":"Social Media Marketing"}]},{"@type":"WebSite","@id":"https:\/\/frame-adv.com\/#website","url":"https:\/\/frame-adv.com\/","name":"Frame ADV","description":"Agenzia di comunicazione e marketing","publisher":{"@id":"https:\/\/frame-adv.com\/#organization"},"potentialAction":[{"@type":"SearchAction","target":{"@type":"EntryPoint","urlTemplate":"https:\/\/frame-adv.com\/?s={search_term_string}"},"query-input":{"@type":"PropertyValueSpecification","valueRequired":true,"valueName":"search_term_string"}}],"inLanguage":"it-IT"},{"@type":"Organization","@id":"https:\/\/frame-adv.com\/#organization","name":"Frame ADV","url":"https:\/\/frame-adv.com\/","logo":{"@type":"ImageObject","inLanguage":"it-IT","@id":"https:\/\/frame-adv.com\/#\/schema\/logo\/image\/","url":"https:\/\/frame-adv.com\/wp-content\/uploads\/2023\/11\/cropped-cropped-E-COMUNICAZIONE.png","contentUrl":"https:\/\/frame-adv.com\/wp-content\/uploads\/2023\/11\/cropped-cropped-E-COMUNICAZIONE.png","width":500,"height":136,"caption":"Frame ADV"},"image":{"@id":"https:\/\/frame-adv.com\/#\/schema\/logo\/image\/"}}]}},"_links":{"self":[{"href":"https:\/\/frame-adv.com\/index.php\/wp-json\/wp\/v2\/pages\/3217","targetHints":{"allow":["GET"]}}],"collection":[{"href":"https:\/\/frame-adv.com\/index.php\/wp-json\/wp\/v2\/pages"}],"about":[{"href":"https:\/\/frame-adv.com\/index.php\/wp-json\/wp\/v2\/types\/page"}],"author":[{"embeddable":true,"href":"https:\/\/frame-adv.com\/index.php\/wp-json\/wp\/v2\/users\/1"}],"replies":[{"embeddable":true,"href":"https:\/\/frame-adv.com\/index.php\/wp-json\/wp\/v2\/comments?post=3217"}],"version-history":[{"count":186,"href":"https:\/\/frame-adv.com\/index.php\/wp-json\/wp\/v2\/pages\/3217\/revisions"}],"predecessor-version":[{"id":8067,"href":"https:\/\/frame-adv.com\/index.php\/wp-json\/wp\/v2\/pages\/3217\/revisions\/8067"}],"wp:attachment":[{"href":"https:\/\/frame-adv.com\/index.php\/wp-json\/wp\/v2\/media?parent=3217"}],"curies":[{"name":"wp","href":"https:\/\/api.w.org\/{rel}","templated":true}]}}