{"id":4079,"date":"2023-03-14T13:26:15","date_gmt":"2023-03-14T13:26:15","guid":{"rendered":"https:\/\/frame-adv.com\/?page_id=4079"},"modified":"2024-07-02T15:21:43","modified_gmt":"2024-07-02T15:21:43","slug":"google-ads","status":"publish","type":"page","link":"https:\/\/frame-adv.com\/index.php\/google-ads\/","title":{"rendered":"Google Ads"},"content":{"rendered":"\t\t<div data-elementor-type=\"wp-page\" data-elementor-id=\"4079\" class=\"elementor elementor-4079\" data-elementor-post-type=\"page\">\n\t\t\t\t\t\t<section class=\"elementor-section elementor-top-section elementor-element elementor-element-a37b6d2 elementor-section-full_width elementor-hidden-mobile elementor-section-height-default elementor-section-height-default\" data-id=\"a37b6d2\" data-element_type=\"section\">\n\t\t\t\t\t\t<div class=\"elementor-container elementor-column-gap-no\">\n\t\t\t\t\t<div class=\"elementor-column elementor-col-100 elementor-top-column elementor-element elementor-element-bf53c20\" data-id=\"bf53c20\" data-element_type=\"column\">\n\t\t\t<div class=\"elementor-widget-wrap elementor-element-populated\">\n\t\t\t\t\t\t<div class=\"elementor-element elementor-element-394c00a elementor-widget elementor-widget-video\" data-id=\"394c00a\" data-element_type=\"widget\" data-settings=\"{&quot;video_type&quot;:&quot;hosted&quot;,&quot;autoplay&quot;:&quot;yes&quot;,&quot;mute&quot;:&quot;yes&quot;}\" data-widget_type=\"video.default\">\n\t\t\t\t<div class=\"elementor-widget-container\">\n\t\t\t\t\t\t\t<div class=\"e-hosted-video elementor-wrapper elementor-open-inline\">\n\t\t\t\t\t<video class=\"elementor-video\" src=\"https:\/\/frame-adv.com\/wp-content\/uploads\/2023\/03\/GOOGLEADS.mp4\" autoplay=\"\" muted=\"muted\" controlsList=\"nodownload\"><\/video>\n\t\t\t\t<\/div>\n\t\t\t\t\t\t<\/div>\n\t\t\t\t<\/div>\n\t\t\t\t\t<\/div>\n\t\t<\/div>\n\t\t\t\t\t<\/div>\n\t\t<\/section>\n\t\t\t\t<section class=\"elementor-section elementor-top-section elementor-element elementor-element-4ca0b0e elementor-section-full_width elementor-hidden-desktop elementor-hidden-tablet elementor-section-height-default elementor-section-height-default\" data-id=\"4ca0b0e\" data-element_type=\"section\">\n\t\t\t\t\t\t<div class=\"elementor-container elementor-column-gap-no\">\n\t\t\t\t\t<div class=\"elementor-column elementor-col-100 elementor-top-column elementor-element elementor-element-889eb29\" data-id=\"889eb29\" data-element_type=\"column\">\n\t\t\t<div class=\"elementor-widget-wrap elementor-element-populated\">\n\t\t\t\t\t\t<div class=\"elementor-element elementor-element-e6a3c64 elementor-widget elementor-widget-video\" data-id=\"e6a3c64\" data-element_type=\"widget\" data-settings=\"{&quot;video_type&quot;:&quot;hosted&quot;,&quot;autoplay&quot;:&quot;yes&quot;,&quot;mute&quot;:&quot;yes&quot;,&quot;play_on_mobile&quot;:&quot;yes&quot;}\" data-widget_type=\"video.default\">\n\t\t\t\t<div class=\"elementor-widget-container\">\n\t\t\t\t\t\t\t<div class=\"e-hosted-video elementor-wrapper elementor-open-inline\">\n\t\t\t\t\t<video class=\"elementor-video\" src=\"https:\/\/frame-adv.com\/wp-content\/uploads\/2023\/05\/WEB-MARKETING-4-1.mp4\" autoplay=\"\" muted=\"muted\" playsinline=\"\" controlsList=\"nodownload\"><\/video>\n\t\t\t\t<\/div>\n\t\t\t\t\t\t<\/div>\n\t\t\t\t<\/div>\n\t\t\t\t\t<\/div>\n\t\t<\/div>\n\t\t\t\t\t<\/div>\n\t\t<\/section>\n\t\t\t\t<section class=\"elementor-section elementor-top-section elementor-element elementor-element-6e29a54 elementor-section-boxed elementor-section-height-default elementor-section-height-default\" data-id=\"6e29a54\" data-element_type=\"section\" data-settings=\"{&quot;background_background&quot;:&quot;classic&quot;}\">\n\t\t\t\t\t\t<div class=\"elementor-container elementor-column-gap-default\">\n\t\t\t\t\t<div class=\"elementor-column elementor-col-100 elementor-top-column elementor-element elementor-element-3095f15\" data-id=\"3095f15\" data-element_type=\"column\">\n\t\t\t<div class=\"elementor-widget-wrap elementor-element-populated\">\n\t\t\t\t\t\t<section class=\"elementor-section elementor-inner-section elementor-element elementor-element-e329697 elementor-section-boxed elementor-section-height-default elementor-section-height-default\" data-id=\"e329697\" data-element_type=\"section\">\n\t\t\t\t\t\t<div class=\"elementor-container elementor-column-gap-default\">\n\t\t\t\t\t<div class=\"elementor-column elementor-col-50 elementor-inner-column elementor-element elementor-element-6b20817\" data-id=\"6b20817\" data-element_type=\"column\">\n\t\t\t<div class=\"elementor-widget-wrap elementor-element-populated\">\n\t\t\t\t\t\t<div class=\"elementor-element elementor-element-54cc5bb elementor-invisible elementor-widget elementor-widget-text-editor\" data-id=\"54cc5bb\" data-element_type=\"widget\" data-settings=\"{&quot;_animation&quot;:&quot;fadeInLeft&quot;}\" data-widget_type=\"text-editor.default\">\n\t\t\t\t<div class=\"elementor-widget-container\">\n\t\t\t\t\t\t\t\t\tAttraverso la nostra maturata esperienza dei principali canali di marketing a performance, ti aiutiamo ad ottenere <em><span style=\"color: #35a854;\">azioni concrete<\/span><\/em> da parte degli utenti che, in pochissimo tempo, potrebbero divenire i tuoi migliori clienti.\nRichieste di contatto, iscrizioni, aggiunte al carrello o acquisti diventeranno risultati tangibili, misurabili ed ottimizzabili, sulla base dei precisi obbiettivi che vorrai ottenere.\t\t\t\t\t\t\t\t<\/div>\n\t\t\t\t<\/div>\n\t\t\t\t\t<\/div>\n\t\t<\/div>\n\t\t\t\t<div class=\"elementor-column elementor-col-50 elementor-inner-column elementor-element elementor-element-7a8e779\" data-id=\"7a8e779\" data-element_type=\"column\" data-settings=\"{&quot;background_background&quot;:&quot;classic&quot;}\">\n\t\t\t<div class=\"elementor-widget-wrap elementor-element-populated\">\n\t\t\t\t\t\t<div class=\"elementor-element elementor-element-70c215e elementor-widget elementor-widget-text-editor\" data-id=\"70c215e\" data-element_type=\"widget\" data-widget_type=\"text-editor.default\">\n\t\t\t\t<div class=\"elementor-widget-container\">\n\t\t\t\t\t\t\t\t\tSe volessi ottenere risultati simili, l\u2019ineguagliabile <em><span style=\"color: #000000;\">Google<\/span><\/em> offre tra le migliori possibilit\u00e0 di pubblicit\u00e0 a pagamento. Le campagne\u00a0cos\u00ec dette <em><span style=\"color: #000000;\">SEM<\/span><\/em>, programmabili ricorrendo alla piattaforma Google Ads, rappresentano infatti un insieme di processi e attivit\u00e0 che, attraverso la promozione del tuo sito, hanno come obiettivo quello di aumentarne la visibilit\u00e0 grazie ad un migliore posizionamento nella SERP del motore di ricerca, <em><span style=\"color: #000000;\">spingendo gli utenti a visitarlo<\/span><\/em>.\t\t\t\t\t\t\t\t<\/div>\n\t\t\t\t<\/div>\n\t\t\t\t\t<\/div>\n\t\t<\/div>\n\t\t\t\t\t<\/div>\n\t\t<\/section>\n\t\t\t\t\t<\/div>\n\t\t<\/div>\n\t\t\t\t\t<\/div>\n\t\t<\/section>\n\t\t\t\t<section class=\"elementor-section elementor-top-section elementor-element elementor-element-def60a4 elementor-section-boxed elementor-section-height-default elementor-section-height-default\" data-id=\"def60a4\" data-element_type=\"section\" data-settings=\"{&quot;background_background&quot;:&quot;classic&quot;}\">\n\t\t\t\t\t\t<div class=\"elementor-container elementor-column-gap-default\">\n\t\t\t\t\t<div class=\"elementor-column elementor-col-100 elementor-top-column elementor-element elementor-element-6f4be7f\" data-id=\"6f4be7f\" data-element_type=\"column\">\n\t\t\t<div class=\"elementor-widget-wrap elementor-element-populated\">\n\t\t\t\t\t\t<div class=\"elementor-element elementor-element-57e4cc0 elementor-invisible elementor-widget elementor-widget-text-editor\" data-id=\"57e4cc0\" data-element_type=\"widget\" data-settings=\"{&quot;_animation&quot;:&quot;fadeIn&quot;}\" data-widget_type=\"text-editor.default\">\n\t\t\t\t<div class=\"elementor-widget-container\">\n\t\t\t\t\t\t\t\t\t<p>Impiegare questi strumenti per intercettare la <em><span style=\"color: #000000;\">domanda consapevole<\/span><\/em>, qualificata e potenzialmente interessata a ci\u00f2 che offri, \u00e8 il nostro primo obiettivo. <br \/>Grazie a Google potremo impostare diversi tipi di campagne.<\/p>\t\t\t\t\t\t\t\t<\/div>\n\t\t\t\t<\/div>\n\t\t\t\t\t<\/div>\n\t\t<\/div>\n\t\t\t\t\t<\/div>\n\t\t<\/section>\n\t\t\t\t<section class=\"elementor-section elementor-top-section elementor-element elementor-element-c6d9cd2 elementor-section-boxed elementor-section-height-default elementor-section-height-default\" data-id=\"c6d9cd2\" data-element_type=\"section\" data-settings=\"{&quot;background_background&quot;:&quot;classic&quot;}\">\n\t\t\t\t\t\t<div class=\"elementor-container elementor-column-gap-default\">\n\t\t\t\t\t<div class=\"elementor-column elementor-col-100 elementor-top-column elementor-element elementor-element-75972c2\" data-id=\"75972c2\" data-element_type=\"column\">\n\t\t\t<div class=\"elementor-widget-wrap elementor-element-populated\">\n\t\t\t\t\t\t<section class=\"elementor-section elementor-inner-section elementor-element elementor-element-e65ea0a elementor-section-boxed elementor-section-height-default elementor-section-height-default\" data-id=\"e65ea0a\" data-element_type=\"section\">\n\t\t\t\t\t\t<div class=\"elementor-container elementor-column-gap-default\">\n\t\t\t\t\t<div class=\"elementor-column elementor-col-33 elementor-inner-column elementor-element elementor-element-94bd468\" data-id=\"94bd468\" data-element_type=\"column\" data-settings=\"{&quot;background_background&quot;:&quot;classic&quot;}\">\n\t\t\t<div class=\"elementor-widget-wrap elementor-element-populated\">\n\t\t\t\t\t\t<div class=\"elementor-element elementor-element-67e15f0 elementor-invisible elementor-widget elementor-widget-text-editor\" data-id=\"67e15f0\" data-element_type=\"widget\" data-settings=\"{&quot;_animation&quot;:&quot;fadeIn&quot;}\" data-widget_type=\"text-editor.default\">\n\t\t\t\t<div class=\"elementor-widget-container\">\n\t\t\t\t\t\t\t\t\t<p>Search<\/p>\t\t\t\t\t\t\t\t<\/div>\n\t\t\t\t<\/div>\n\t\t\t\t<div class=\"elementor-element elementor-element-0363e7e elementor-widget elementor-widget-text-editor\" data-id=\"0363e7e\" data-element_type=\"widget\" data-widget_type=\"text-editor.default\">\n\t\t\t\t<div class=\"elementor-widget-container\">\n\t\t\t\t\t\t\t\t\tBasate sul pagamento di<em> <span style=\"color: #000000;\">parole chiave<\/span><\/em> specifiche, quelle che potrebbero utilizzare i tuoi potenziali clienti per cercare ci\u00f2 che offri, consistono in annunci testuali che appaiono nella serp Google e che conducono al tuo sito.\t\t\t\t\t\t\t\t<\/div>\n\t\t\t\t<\/div>\n\t\t\t\t\t<\/div>\n\t\t<\/div>\n\t\t\t\t<div class=\"elementor-column elementor-col-33 elementor-inner-column elementor-element elementor-element-ec0678f\" data-id=\"ec0678f\" data-element_type=\"column\" data-settings=\"{&quot;background_background&quot;:&quot;classic&quot;}\">\n\t\t\t<div class=\"elementor-widget-wrap elementor-element-populated\">\n\t\t\t\t\t\t<div class=\"elementor-element elementor-element-a095275 elementor-invisible elementor-widget elementor-widget-text-editor\" data-id=\"a095275\" data-element_type=\"widget\" data-settings=\"{&quot;_animation&quot;:&quot;fadeIn&quot;}\" data-widget_type=\"text-editor.default\">\n\t\t\t\t<div class=\"elementor-widget-container\">\n\t\t\t\t\t\t\t\t\t<p>Display<\/p>\t\t\t\t\t\t\t\t<\/div>\n\t\t\t\t<\/div>\n\t\t\t\t<div class=\"elementor-element elementor-element-77cd687 elementor-widget elementor-widget-text-editor\" data-id=\"77cd687\" data-element_type=\"widget\" data-widget_type=\"text-editor.default\">\n\t\t\t\t<div class=\"elementor-widget-container\">\n\t\t\t\t\t\t\t\t\t<p>Funzionano facendo comparire un banner grafico, che conduce al tuo sito, su altri siti affiliati a Google, in genere attinenti al tuo settore e sui quali navigano quindi utenti qualificati.<\/p>\t\t\t\t\t\t\t\t<\/div>\n\t\t\t\t<\/div>\n\t\t\t\t\t<\/div>\n\t\t<\/div>\n\t\t\t\t<div class=\"elementor-column elementor-col-33 elementor-inner-column elementor-element elementor-element-ac65484\" data-id=\"ac65484\" data-element_type=\"column\" data-settings=\"{&quot;background_background&quot;:&quot;classic&quot;}\">\n\t\t\t<div class=\"elementor-widget-wrap elementor-element-populated\">\n\t\t\t\t\t\t<div class=\"elementor-element elementor-element-b347752 elementor-invisible elementor-widget elementor-widget-text-editor\" data-id=\"b347752\" data-element_type=\"widget\" data-settings=\"{&quot;_animation&quot;:&quot;fadeIn&quot;}\" data-widget_type=\"text-editor.default\">\n\t\t\t\t<div class=\"elementor-widget-container\">\n\t\t\t\t\t\t\t\t\t<p>Video<\/p>\t\t\t\t\t\t\t\t<\/div>\n\t\t\t\t<\/div>\n\t\t\t\t<div class=\"elementor-element elementor-element-31fa6e5 elementor-widget elementor-widget-text-editor\" data-id=\"31fa6e5\" data-element_type=\"widget\" data-widget_type=\"text-editor.default\">\n\t\t\t\t<div class=\"elementor-widget-container\">\n\t\t\t\t\t\t\t\t\t<p>Sempre con la possibilit\u00e0 di poter individuare un target qualificato, permettono di far comparire un tuo annuncio video su Youtube o sui principali canali video.<\/p>\t\t\t\t\t\t\t\t<\/div>\n\t\t\t\t<\/div>\n\t\t\t\t\t<\/div>\n\t\t<\/div>\n\t\t\t\t\t<\/div>\n\t\t<\/section>\n\t\t\t\t\t<\/div>\n\t\t<\/div>\n\t\t\t\t\t<\/div>\n\t\t<\/section>\n\t\t\t\t<section class=\"elementor-section elementor-top-section elementor-element elementor-element-cc233e5 elementor-section-boxed elementor-section-height-default elementor-section-height-default\" data-id=\"cc233e5\" data-element_type=\"section\" data-settings=\"{&quot;background_background&quot;:&quot;classic&quot;}\">\n\t\t\t\t\t\t<div class=\"elementor-container elementor-column-gap-default\">\n\t\t\t\t\t<div class=\"elementor-column elementor-col-100 elementor-top-column elementor-element elementor-element-96f9163\" data-id=\"96f9163\" data-element_type=\"column\">\n\t\t\t<div class=\"elementor-widget-wrap elementor-element-populated\">\n\t\t\t\t\t\t<div class=\"elementor-element elementor-element-1253b77 animated-slow elementor-invisible elementor-widget elementor-widget-text-editor\" data-id=\"1253b77\" data-element_type=\"widget\" data-settings=\"{&quot;_animation&quot;:&quot;fadeInUp&quot;}\" data-widget_type=\"text-editor.default\">\n\t\t\t\t<div class=\"elementor-widget-container\">\n\t\t\t\t\t\t\t\t\t<h1><a href=\"https:\/\/frame-adv.com\/index.php\/brand-identity\/\"><span style=\"color:#3169CB;\"\nonmouseover=\"this.style.color='#929292'\" onmouseout=\"this.style.color='#3169CB'\">Scopri come far fatturare al meglio le tue campagne attraverso la giusta Strategia di Contenuto!<\/span><\/a><\/h1>\t\t\t\t\t\t\t\t<\/div>\n\t\t\t\t<\/div>\n\t\t\t\t\t<\/div>\n\t\t<\/div>\n\t\t\t\t\t<\/div>\n\t\t<\/section>\n\t\t\t\t<\/div>\n\t\t","protected":false},"excerpt":{"rendered":"<p>https:\/\/frame-adv.com\/wp-content\/uploads\/2023\/03\/GOOGLEADS.mp4https:\/\/frame-adv.com\/wp-content\/uploads\/2023\/05\/WEB-MARKETING-4-1.mp4Attraverso la nostra maturata esperienza dei principali canali di marketing a performance, ti aiutiamo ad ottenere azioni concrete da parte degli utenti che, in pochissimo tempo, potrebbero divenire i tuoi migliori clienti. Richieste di contatto, iscrizioni, aggiunte al carrello o acquisti diventeranno risultati tangibili, misurabili ed ottimizzabili, sulla base dei precisi obbiettivi che vorrai ottenere.Se volessi ottenere risultati simili, l\u2019ineguagliabile Google offre tra le migliori possibilit\u00e0 di pubblicit\u00e0 a pagamento. Le campagne\u00a0cos\u00ec dette SEM, programmabili ricorrendo alla piattaforma Google Ads, rappresentano infatti un insieme di processi e attivit\u00e0 che, attraverso la promozione del tuo sito, hanno come obiettivo quello di aumentarne la visibilit\u00e0 grazie ad un migliore posizionamento nella SERP del motore di ricerca, spingendo gli utenti a visitarlo. Impiegare questi strumenti per intercettare la domanda consapevole, qualificata e potenzialmente interessata a ci\u00f2 che offri, \u00e8 il nostro primo obiettivo. Grazie a Google potremo impostare diversi tipi di campagne. Search &#8230; <\/p>\n<p class=\"read-more-container\"><a title=\"Google Ads\" class=\"read-more button\" href=\"https:\/\/frame-adv.com\/index.php\/google-ads\/#more-4079\" aria-label=\"Per saperne di pi\u00f9 su Google Ads\">Continua<\/a><\/p>\n","protected":false},"author":1,"featured_media":0,"parent":0,"menu_order":0,"comment_status":"closed","ping_status":"closed","template":"","meta":{"footnotes":""},"class_list":["post-4079","page","type-page","status-publish"],"yoast_head":"<!-- This site is optimized with the Yoast SEO plugin v25.5 - https:\/\/yoast.com\/wordpress\/plugins\/seo\/ -->\n<title>Google Ads - Frame ADV<\/title>\n<meta name=\"description\" content=\"Attraverso la nostra maturata esperienza dei principali canali di marketing a performance, ti aiutiamo ad ottenere azioni concrete.\" \/>\n<meta name=\"robots\" content=\"index, follow, max-snippet:-1, max-image-preview:large, max-video-preview:-1\" \/>\n<link rel=\"canonical\" href=\"https:\/\/frame-adv.com\/index.php\/google-ads\/\" \/>\n<meta property=\"og:locale\" content=\"it_IT\" \/>\n<meta property=\"og:type\" content=\"article\" \/>\n<meta property=\"og:title\" content=\"Google Ads - Frame ADV\" \/>\n<meta property=\"og:description\" content=\"Attraverso la nostra maturata esperienza dei principali canali di marketing a performance, ti aiutiamo ad ottenere azioni concrete.\" \/>\n<meta property=\"og:url\" content=\"https:\/\/frame-adv.com\/index.php\/google-ads\/\" \/>\n<meta property=\"og:site_name\" content=\"Frame ADV\" \/>\n<meta property=\"article:modified_time\" content=\"2024-07-02T15:21:43+00:00\" \/>\n<meta name=\"twitter:card\" content=\"summary_large_image\" \/>\n<meta name=\"twitter:label1\" content=\"Tempo di lettura stimato\" \/>\n\t<meta name=\"twitter:data1\" content=\"2 minuti\" \/>\n<script type=\"application\/ld+json\" class=\"yoast-schema-graph\">{\"@context\":\"https:\/\/schema.org\",\"@graph\":[{\"@type\":\"WebPage\",\"@id\":\"https:\/\/frame-adv.com\/index.php\/google-ads\/\",\"url\":\"https:\/\/frame-adv.com\/index.php\/google-ads\/\",\"name\":\"Google Ads - Frame ADV\",\"isPartOf\":{\"@id\":\"https:\/\/frame-adv.com\/#website\"},\"datePublished\":\"2023-03-14T13:26:15+00:00\",\"dateModified\":\"2024-07-02T15:21:43+00:00\",\"description\":\"Attraverso la nostra maturata esperienza dei principali canali di marketing a performance, ti aiutiamo ad ottenere azioni concrete.\",\"breadcrumb\":{\"@id\":\"https:\/\/frame-adv.com\/index.php\/google-ads\/#breadcrumb\"},\"inLanguage\":\"it-IT\",\"potentialAction\":[{\"@type\":\"ReadAction\",\"target\":[\"https:\/\/frame-adv.com\/index.php\/google-ads\/\"]}]},{\"@type\":\"BreadcrumbList\",\"@id\":\"https:\/\/frame-adv.com\/index.php\/google-ads\/#breadcrumb\",\"itemListElement\":[{\"@type\":\"ListItem\",\"position\":1,\"name\":\"Home\",\"item\":\"https:\/\/frame-adv.com\/\"},{\"@type\":\"ListItem\",\"position\":2,\"name\":\"Google Ads\"}]},{\"@type\":\"WebSite\",\"@id\":\"https:\/\/frame-adv.com\/#website\",\"url\":\"https:\/\/frame-adv.com\/\",\"name\":\"Frame ADV\",\"description\":\"Agenzia di comunicazione e marketing\",\"publisher\":{\"@id\":\"https:\/\/frame-adv.com\/#organization\"},\"potentialAction\":[{\"@type\":\"SearchAction\",\"target\":{\"@type\":\"EntryPoint\",\"urlTemplate\":\"https:\/\/frame-adv.com\/?s={search_term_string}\"},\"query-input\":{\"@type\":\"PropertyValueSpecification\",\"valueRequired\":true,\"valueName\":\"search_term_string\"}}],\"inLanguage\":\"it-IT\"},{\"@type\":\"Organization\",\"@id\":\"https:\/\/frame-adv.com\/#organization\",\"name\":\"Frame ADV\",\"url\":\"https:\/\/frame-adv.com\/\",\"logo\":{\"@type\":\"ImageObject\",\"inLanguage\":\"it-IT\",\"@id\":\"https:\/\/frame-adv.com\/#\/schema\/logo\/image\/\",\"url\":\"https:\/\/frame-adv.com\/wp-content\/uploads\/2023\/11\/cropped-cropped-E-COMUNICAZIONE.png\",\"contentUrl\":\"https:\/\/frame-adv.com\/wp-content\/uploads\/2023\/11\/cropped-cropped-E-COMUNICAZIONE.png\",\"width\":500,\"height\":136,\"caption\":\"Frame ADV\"},\"image\":{\"@id\":\"https:\/\/frame-adv.com\/#\/schema\/logo\/image\/\"}}]}<\/script>\n<!-- \/ Yoast SEO plugin. -->","yoast_head_json":{"title":"Google Ads - Frame ADV","description":"Attraverso la nostra maturata esperienza dei principali canali di marketing a performance, ti aiutiamo ad ottenere azioni concrete.","robots":{"index":"index","follow":"follow","max-snippet":"max-snippet:-1","max-image-preview":"max-image-preview:large","max-video-preview":"max-video-preview:-1"},"canonical":"https:\/\/frame-adv.com\/index.php\/google-ads\/","og_locale":"it_IT","og_type":"article","og_title":"Google Ads - Frame ADV","og_description":"Attraverso la nostra maturata esperienza dei principali canali di marketing a performance, ti aiutiamo ad ottenere azioni concrete.","og_url":"https:\/\/frame-adv.com\/index.php\/google-ads\/","og_site_name":"Frame ADV","article_modified_time":"2024-07-02T15:21:43+00:00","twitter_card":"summary_large_image","twitter_misc":{"Tempo di lettura stimato":"2 minuti"},"schema":{"@context":"https:\/\/schema.org","@graph":[{"@type":"WebPage","@id":"https:\/\/frame-adv.com\/index.php\/google-ads\/","url":"https:\/\/frame-adv.com\/index.php\/google-ads\/","name":"Google Ads - Frame ADV","isPartOf":{"@id":"https:\/\/frame-adv.com\/#website"},"datePublished":"2023-03-14T13:26:15+00:00","dateModified":"2024-07-02T15:21:43+00:00","description":"Attraverso la nostra maturata esperienza dei principali canali di marketing a performance, ti aiutiamo ad ottenere azioni concrete.","breadcrumb":{"@id":"https:\/\/frame-adv.com\/index.php\/google-ads\/#breadcrumb"},"inLanguage":"it-IT","potentialAction":[{"@type":"ReadAction","target":["https:\/\/frame-adv.com\/index.php\/google-ads\/"]}]},{"@type":"BreadcrumbList","@id":"https:\/\/frame-adv.com\/index.php\/google-ads\/#breadcrumb","itemListElement":[{"@type":"ListItem","position":1,"name":"Home","item":"https:\/\/frame-adv.com\/"},{"@type":"ListItem","position":2,"name":"Google Ads"}]},{"@type":"WebSite","@id":"https:\/\/frame-adv.com\/#website","url":"https:\/\/frame-adv.com\/","name":"Frame ADV","description":"Agenzia di comunicazione e marketing","publisher":{"@id":"https:\/\/frame-adv.com\/#organization"},"potentialAction":[{"@type":"SearchAction","target":{"@type":"EntryPoint","urlTemplate":"https:\/\/frame-adv.com\/?s={search_term_string}"},"query-input":{"@type":"PropertyValueSpecification","valueRequired":true,"valueName":"search_term_string"}}],"inLanguage":"it-IT"},{"@type":"Organization","@id":"https:\/\/frame-adv.com\/#organization","name":"Frame ADV","url":"https:\/\/frame-adv.com\/","logo":{"@type":"ImageObject","inLanguage":"it-IT","@id":"https:\/\/frame-adv.com\/#\/schema\/logo\/image\/","url":"https:\/\/frame-adv.com\/wp-content\/uploads\/2023\/11\/cropped-cropped-E-COMUNICAZIONE.png","contentUrl":"https:\/\/frame-adv.com\/wp-content\/uploads\/2023\/11\/cropped-cropped-E-COMUNICAZIONE.png","width":500,"height":136,"caption":"Frame ADV"},"image":{"@id":"https:\/\/frame-adv.com\/#\/schema\/logo\/image\/"}}]}},"_links":{"self":[{"href":"https:\/\/frame-adv.com\/index.php\/wp-json\/wp\/v2\/pages\/4079","targetHints":{"allow":["GET"]}}],"collection":[{"href":"https:\/\/frame-adv.com\/index.php\/wp-json\/wp\/v2\/pages"}],"about":[{"href":"https:\/\/frame-adv.com\/index.php\/wp-json\/wp\/v2\/types\/page"}],"author":[{"embeddable":true,"href":"https:\/\/frame-adv.com\/index.php\/wp-json\/wp\/v2\/users\/1"}],"replies":[{"embeddable":true,"href":"https:\/\/frame-adv.com\/index.php\/wp-json\/wp\/v2\/comments?post=4079"}],"version-history":[{"count":180,"href":"https:\/\/frame-adv.com\/index.php\/wp-json\/wp\/v2\/pages\/4079\/revisions"}],"predecessor-version":[{"id":8072,"href":"https:\/\/frame-adv.com\/index.php\/wp-json\/wp\/v2\/pages\/4079\/revisions\/8072"}],"wp:attachment":[{"href":"https:\/\/frame-adv.com\/index.php\/wp-json\/wp\/v2\/media?parent=4079"}],"curies":[{"name":"wp","href":"https:\/\/api.w.org\/{rel}","templated":true}]}}