{"id":4081,"date":"2023-03-14T13:26:36","date_gmt":"2023-03-14T13:26:36","guid":{"rendered":"https:\/\/frame-adv.com\/?page_id=4081"},"modified":"2024-07-02T13:27:58","modified_gmt":"2024-07-02T13:27:58","slug":"brand-identity","status":"publish","type":"page","link":"https:\/\/frame-adv.com\/index.php\/brand-identity\/","title":{"rendered":"Brand Identity"},"content":{"rendered":"\t\t<div data-elementor-type=\"wp-page\" data-elementor-id=\"4081\" class=\"elementor elementor-4081\" data-elementor-post-type=\"page\">\n\t\t\t\t\t\t<section class=\"elementor-section elementor-top-section elementor-element elementor-element-2893f20 elementor-section-full_width elementor-hidden-mobile elementor-section-height-default elementor-section-height-default\" data-id=\"2893f20\" data-element_type=\"section\" data-settings=\"{&quot;background_background&quot;:&quot;classic&quot;}\">\n\t\t\t\t\t\t<div class=\"elementor-container elementor-column-gap-no\">\n\t\t\t\t\t<div class=\"elementor-column elementor-col-100 elementor-top-column elementor-element elementor-element-c48f002\" data-id=\"c48f002\" data-element_type=\"column\" data-settings=\"{&quot;background_background&quot;:&quot;classic&quot;}\">\n\t\t\t<div class=\"elementor-widget-wrap elementor-element-populated\">\n\t\t\t\t\t\t<div class=\"elementor-element elementor-element-a1f7449 elementor-widget elementor-widget-video\" data-id=\"a1f7449\" data-element_type=\"widget\" data-settings=\"{&quot;video_type&quot;:&quot;hosted&quot;,&quot;autoplay&quot;:&quot;yes&quot;}\" data-widget_type=\"video.default\">\n\t\t\t\t<div class=\"elementor-widget-container\">\n\t\t\t\t\t\t\t<div class=\"e-hosted-video elementor-wrapper elementor-open-inline\">\n\t\t\t\t\t<video class=\"elementor-video\" src=\"https:\/\/frame-adv.com\/wp-content\/uploads\/2023\/03\/BRAND-IDENTITY.mp4\" autoplay=\"\" controlsList=\"nodownload\"><\/video>\n\t\t\t\t<\/div>\n\t\t\t\t\t\t<\/div>\n\t\t\t\t<\/div>\n\t\t\t\t\t<\/div>\n\t\t<\/div>\n\t\t\t\t\t<\/div>\n\t\t<\/section>\n\t\t\t\t<section class=\"elementor-section elementor-top-section elementor-element elementor-element-b138d4f elementor-section-full_width elementor-hidden-desktop elementor-hidden-tablet elementor-section-height-default elementor-section-height-default\" data-id=\"b138d4f\" data-element_type=\"section\">\n\t\t\t\t\t\t<div class=\"elementor-container elementor-column-gap-no\">\n\t\t\t\t\t<div class=\"elementor-column elementor-col-100 elementor-top-column elementor-element elementor-element-d53ee64\" data-id=\"d53ee64\" data-element_type=\"column\">\n\t\t\t<div class=\"elementor-widget-wrap elementor-element-populated\">\n\t\t\t\t\t\t<div class=\"elementor-element elementor-element-00ee1ac elementor-widget elementor-widget-video\" data-id=\"00ee1ac\" data-element_type=\"widget\" data-settings=\"{&quot;video_type&quot;:&quot;hosted&quot;,&quot;autoplay&quot;:&quot;yes&quot;,&quot;mute&quot;:&quot;yes&quot;,&quot;play_on_mobile&quot;:&quot;yes&quot;}\" data-widget_type=\"video.default\">\n\t\t\t\t<div class=\"elementor-widget-container\">\n\t\t\t\t\t\t\t<div class=\"e-hosted-video elementor-wrapper elementor-open-inline\">\n\t\t\t\t\t<video class=\"elementor-video\" src=\"https:\/\/frame-adv.com\/wp-content\/uploads\/2023\/03\/brand-identity.mp4\" autoplay=\"\" muted=\"muted\" playsinline=\"\" controlsList=\"nodownload\"><\/video>\n\t\t\t\t<\/div>\n\t\t\t\t\t\t<\/div>\n\t\t\t\t<\/div>\n\t\t\t\t\t<\/div>\n\t\t<\/div>\n\t\t\t\t\t<\/div>\n\t\t<\/section>\n\t\t\t\t<section class=\"elementor-section elementor-top-section elementor-element elementor-element-27f0985 elementor-section-boxed elementor-section-height-default elementor-section-height-default\" data-id=\"27f0985\" data-element_type=\"section\" data-settings=\"{&quot;background_background&quot;:&quot;classic&quot;}\">\n\t\t\t\t\t\t<div class=\"elementor-container elementor-column-gap-default\">\n\t\t\t\t\t<div class=\"elementor-column elementor-col-100 elementor-top-column elementor-element elementor-element-5273a41\" data-id=\"5273a41\" data-element_type=\"column\">\n\t\t\t<div class=\"elementor-widget-wrap elementor-element-populated\">\n\t\t\t\t\t\t<div class=\"elementor-element elementor-element-52169b3 animated-slow elementor-invisible elementor-widget elementor-widget-text-editor\" data-id=\"52169b3\" data-element_type=\"widget\" data-settings=\"{&quot;_animation&quot;:&quot;fadeIn&quot;}\" data-widget_type=\"text-editor.default\">\n\t\t\t\t<div class=\"elementor-widget-container\">\n\t\t\t\t\t\t\t\t\t<h1>La <em>Brand Identity<\/em> comprende tutti gli elementi visivi e verbali che rispecchiano valori, obiettivi e altri fattori caratteristici della tua attivit\u00e0.\u00a0<\/h1>\t\t\t\t\t\t\t\t<\/div>\n\t\t\t\t<\/div>\n\t\t\t\t<div class=\"elementor-element elementor-element-d0ec0fc elementor-widget elementor-widget-text-editor\" data-id=\"d0ec0fc\" data-element_type=\"widget\" data-widget_type=\"text-editor.default\">\n\t\t\t\t<div class=\"elementor-widget-container\">\n\t\t\t\t\t\t\t\t\t<p>Attraverso un accurato lavoro di <em>Brand identity, <\/em>possiamo creare per la tua azienda una comunicazione immediatamente efficace e riconoscibile nella mente dei clienti.<\/p>\t\t\t\t\t\t\t\t<\/div>\n\t\t\t\t<\/div>\n\t\t\t\t\t<\/div>\n\t\t<\/div>\n\t\t\t\t\t<\/div>\n\t\t<\/section>\n\t\t\t\t<section class=\"elementor-section elementor-top-section elementor-element elementor-element-40f01c0 elementor-section-boxed elementor-section-height-default elementor-section-height-default\" data-id=\"40f01c0\" data-element_type=\"section\" data-settings=\"{&quot;background_background&quot;:&quot;classic&quot;}\">\n\t\t\t\t\t\t<div class=\"elementor-container elementor-column-gap-default\">\n\t\t\t\t\t<div class=\"elementor-column elementor-col-100 elementor-top-column elementor-element elementor-element-c67fd59\" data-id=\"c67fd59\" data-element_type=\"column\">\n\t\t\t<div class=\"elementor-widget-wrap elementor-element-populated\">\n\t\t\t\t\t\t<section class=\"elementor-section elementor-inner-section elementor-element elementor-element-351096b elementor-section-boxed elementor-section-height-default elementor-section-height-default\" data-id=\"351096b\" data-element_type=\"section\">\n\t\t\t\t\t\t<div class=\"elementor-container elementor-column-gap-default\">\n\t\t\t\t\t<div class=\"elementor-column elementor-col-50 elementor-inner-column elementor-element elementor-element-43660a4\" data-id=\"43660a4\" data-element_type=\"column\">\n\t\t\t<div class=\"elementor-widget-wrap elementor-element-populated\">\n\t\t\t\t\t\t<div class=\"elementor-element elementor-element-538b795 elementor-invisible elementor-widget elementor-widget-text-editor\" data-id=\"538b795\" data-element_type=\"widget\" data-settings=\"{&quot;_animation&quot;:&quot;fadeInLeft&quot;}\" data-widget_type=\"text-editor.default\">\n\t\t\t\t<div class=\"elementor-widget-container\">\n\t\t\t\t\t\t\t\t\t<h1>Il <em><span style=\"color: #000000;\">logo<\/span><\/em> rappresenta il vero cuore della tua identit\u00e0.<\/h1>\t\t\t\t\t\t\t\t<\/div>\n\t\t\t\t<\/div>\n\t\t\t\t<div class=\"elementor-element elementor-element-538ea6d elementor-widget elementor-widget-text-editor\" data-id=\"538ea6d\" data-element_type=\"widget\" data-widget_type=\"text-editor.default\">\n\t\t\t\t<div class=\"elementor-widget-container\">\n\t\t\t\t\t\t\t\t\tSe non ne hai uno o vuoi dare nuova freschezza alla tua attivit\u00e0 rinnovandolo (noi lo chiamiamo <em><span style=\"color: #000000;\">re-branding<\/span><\/em> ), ti affiancheremo con i nostri servizi di sviluppo grafico e creativo.\t\t\t\t\t\t\t\t<\/div>\n\t\t\t\t<\/div>\n\t\t\t\t\t<\/div>\n\t\t<\/div>\n\t\t\t\t<div class=\"elementor-column elementor-col-50 elementor-inner-column elementor-element elementor-element-03381ca\" data-id=\"03381ca\" data-element_type=\"column\" data-settings=\"{&quot;background_background&quot;:&quot;classic&quot;}\">\n\t\t\t<div class=\"elementor-widget-wrap elementor-element-populated\">\n\t\t\t\t\t\t<div class=\"elementor-element elementor-element-f444780 elementor-invisible elementor-widget elementor-widget-text-editor\" data-id=\"f444780\" data-element_type=\"widget\" data-settings=\"{&quot;_animation&quot;:&quot;fadeInRight&quot;}\" data-widget_type=\"text-editor.default\">\n\t\t\t\t<div class=\"elementor-widget-container\">\n\t\t\t\t\t\t\t\t\t<h1>Il <em><span style=\"color: #000000;\">sito web\n<\/em>\u00e8 la tua vetrina sul mondo digitale.<\/h1>\t\t\t\t\t\t\t\t<\/div>\n\t\t\t\t<\/div>\n\t\t\t\t<div class=\"elementor-element elementor-element-afcf48a elementor-widget elementor-widget-text-editor\" data-id=\"afcf48a\" data-element_type=\"widget\" data-widget_type=\"text-editor.default\">\n\t\t\t\t<div class=\"elementor-widget-container\">\n\t\t\t\t\t\t\t\t\tProprio come una bottega del centro storico di una bella citt\u00e0, il sito trasmette a chi lo visita molte informazioni: chi sei, che personalit\u00e0 hai, cosa offri, come lo fai, il tuo stile, le tue idee, in sostanza <em><span style=\"color: #000000;\">il tuo mondo.<\/em>\t\t\t\t\t\t\t\t<\/div>\n\t\t\t\t<\/div>\n\t\t\t\t\t<\/div>\n\t\t<\/div>\n\t\t\t\t\t<\/div>\n\t\t<\/section>\n\t\t\t\t\t<\/div>\n\t\t<\/div>\n\t\t\t\t\t<\/div>\n\t\t<\/section>\n\t\t\t\t<section class=\"elementor-section elementor-top-section elementor-element elementor-element-6c9754c elementor-section-boxed elementor-section-height-default elementor-section-height-default\" data-id=\"6c9754c\" data-element_type=\"section\" data-settings=\"{&quot;background_background&quot;:&quot;classic&quot;}\">\n\t\t\t\t\t\t<div class=\"elementor-container elementor-column-gap-default\">\n\t\t\t\t\t<div class=\"elementor-column elementor-col-100 elementor-top-column elementor-element elementor-element-655f5ea\" data-id=\"655f5ea\" data-element_type=\"column\">\n\t\t\t<div class=\"elementor-widget-wrap elementor-element-populated\">\n\t\t\t\t\t\t<section class=\"elementor-section elementor-inner-section elementor-element elementor-element-788952e elementor-section-boxed elementor-section-height-default elementor-section-height-default\" data-id=\"788952e\" data-element_type=\"section\">\n\t\t\t\t\t\t<div class=\"elementor-container elementor-column-gap-default\">\n\t\t\t\t\t<div class=\"elementor-column elementor-col-50 elementor-inner-column elementor-element elementor-element-c5a1c3b\" data-id=\"c5a1c3b\" data-element_type=\"column\" data-settings=\"{&quot;background_background&quot;:&quot;classic&quot;}\">\n\t\t\t<div class=\"elementor-widget-wrap elementor-element-populated\">\n\t\t\t\t\t\t<div class=\"elementor-element elementor-element-2bdd572 elementor-invisible elementor-widget elementor-widget-text-editor\" data-id=\"2bdd572\" data-element_type=\"widget\" data-settings=\"{&quot;_animation&quot;:&quot;fadeInLeft&quot;}\" data-widget_type=\"text-editor.default\">\n\t\t\t\t<div class=\"elementor-widget-container\">\n\t\t\t\t\t\t\t\t\t<h1>Con la <em><span style=\"color:#929292\">newsletter<\/em> condividi la tua brand identity.<\/h1>\t\t\t\t\t\t\t\t<\/div>\n\t\t\t\t<\/div>\n\t\t\t\t<div class=\"elementor-element elementor-element-97dcfaf elementor-widget elementor-widget-text-editor\" data-id=\"97dcfaf\" data-element_type=\"widget\" data-widget_type=\"text-editor.default\">\n\t\t\t\t<div class=\"elementor-widget-container\">\n\t\t\t\t\t\t\t\t\t<p>Avvalerti del nostro supporto per una pianificazione curata della tua newsletter<strong>, <\/strong><em><span style=\"color: #929292;\">oltre che permetterti di mantenere un legame con i tuoi clienti<\/span><\/em>, rappresenta un ottimo metodo attraverso cui condividere la tua brand identity con loro.<\/p>\t\t\t\t\t\t\t\t<\/div>\n\t\t\t\t<\/div>\n\t\t\t\t\t<\/div>\n\t\t<\/div>\n\t\t\t\t<div class=\"elementor-column elementor-col-50 elementor-inner-column elementor-element elementor-element-5a7ad3c\" data-id=\"5a7ad3c\" data-element_type=\"column\" data-settings=\"{&quot;background_background&quot;:&quot;classic&quot;}\">\n\t\t\t<div class=\"elementor-widget-wrap elementor-element-populated\">\n\t\t\t\t\t\t<div class=\"elementor-element elementor-element-fb41126 elementor-invisible elementor-widget elementor-widget-text-editor\" data-id=\"fb41126\" data-element_type=\"widget\" data-settings=\"{&quot;_animation&quot;:&quot;fadeInRight&quot;}\" data-widget_type=\"text-editor.default\">\n\t\t\t\t<div class=\"elementor-widget-container\">\n\t\t\t\t\t\t\t\t\t<h1>I <em><span style=\"color: #acb26b;\">canali social <\/span><\/em>: fondamentali per la tua comunicazione.<\/h1>\t\t\t\t\t\t\t\t<\/div>\n\t\t\t\t<\/div>\n\t\t\t\t<div class=\"elementor-element elementor-element-92b98e6 elementor-widget elementor-widget-text-editor\" data-id=\"92b98e6\" data-element_type=\"widget\" data-widget_type=\"text-editor.default\">\n\t\t\t\t<div class=\"elementor-widget-container\">\n\t\t\t\t\t\t\t\t\tAttraverso i canali social parli con i tuoi attuali clienti attuali e entri in contatto con utenti che ancora non ti conoscono. Gestire una pagina social non \u00e8 per nulla scontato e richiede competenze precise al fine di curare la tua <em><span style=\"color: #acb26b;\">reputazione<\/em> su quel canale.\t\t\t\t\t\t\t\t<\/div>\n\t\t\t\t<\/div>\n\t\t\t\t\t<\/div>\n\t\t<\/div>\n\t\t\t\t\t<\/div>\n\t\t<\/section>\n\t\t\t\t\t<\/div>\n\t\t<\/div>\n\t\t\t\t\t<\/div>\n\t\t<\/section>\n\t\t\t\t<section class=\"elementor-section elementor-top-section elementor-element elementor-element-bee5af8 elementor-section-boxed elementor-section-height-default elementor-section-height-default\" data-id=\"bee5af8\" data-element_type=\"section\" data-settings=\"{&quot;background_background&quot;:&quot;classic&quot;}\">\n\t\t\t\t\t\t<div class=\"elementor-container elementor-column-gap-default\">\n\t\t\t\t\t<div class=\"elementor-column elementor-col-100 elementor-top-column elementor-element elementor-element-8b1930d\" data-id=\"8b1930d\" data-element_type=\"column\">\n\t\t\t<div class=\"elementor-widget-wrap elementor-element-populated\">\n\t\t\t\t\t\t<section class=\"elementor-section elementor-inner-section elementor-element elementor-element-b802505 elementor-section-boxed elementor-section-height-default elementor-section-height-default\" data-id=\"b802505\" data-element_type=\"section\">\n\t\t\t\t\t\t<div class=\"elementor-container elementor-column-gap-default\">\n\t\t\t\t\t<div class=\"elementor-column elementor-col-50 elementor-inner-column elementor-element elementor-element-ccbf259\" data-id=\"ccbf259\" data-element_type=\"column\">\n\t\t\t<div class=\"elementor-widget-wrap elementor-element-populated\">\n\t\t\t\t\t\t<div class=\"elementor-element elementor-element-2e8eda0 elementor-invisible elementor-widget elementor-widget-text-editor\" data-id=\"2e8eda0\" data-element_type=\"widget\" data-settings=\"{&quot;_animation&quot;:&quot;fadeInLeft&quot;}\" data-widget_type=\"text-editor.default\">\n\t\t\t\t<div class=\"elementor-widget-container\">\n\t\t\t\t\t\t\t\t\t<h1>La tua identit\u00e0 passa anche dal \u201cvecchio\u201d <em><span style=\"color: #000000;\">mondo offline<\/span><\/em>.<\/h1>\t\t\t\t\t\t\t\t<\/div>\n\t\t\t\t<\/div>\n\t\t\t\t<div class=\"elementor-element elementor-element-5e8bedf elementor-widget elementor-widget-text-editor\" data-id=\"5e8bedf\" data-element_type=\"widget\" data-widget_type=\"text-editor.default\">\n\t\t\t\t<div class=\"elementor-widget-container\">\n\t\t\t\t\t\t\t\t\tTi supportiamo nella gestione e ideazione di un <em><span style=\"color: #000000;\">Piano Media Offline<\/em> efficace, che sappia trasmettere l\u2019anima della tua attivit\u00e0 attraverso i mezzi di comunicazione pi\u00f9 tradizionali, quali la carta stampata o i canali televisivi e radiofonici.\t\t\t\t\t\t\t\t<\/div>\n\t\t\t\t<\/div>\n\t\t\t\t\t<\/div>\n\t\t<\/div>\n\t\t\t\t<div class=\"elementor-column elementor-col-50 elementor-inner-column elementor-element elementor-element-0ae5fda\" data-id=\"0ae5fda\" data-element_type=\"column\" data-settings=\"{&quot;background_background&quot;:&quot;classic&quot;}\">\n\t\t\t<div class=\"elementor-widget-wrap elementor-element-populated\">\n\t\t\t\t\t\t<div class=\"elementor-element elementor-element-004fd0b elementor-widget elementor-widget-text-editor\" data-id=\"004fd0b\" data-element_type=\"widget\" data-widget_type=\"text-editor.default\">\n\t\t\t\t<div class=\"elementor-widget-container\">\n\t\t\t\t\t\t\t\t\t<h1><a href=\"https:\/\/frame-adv.com\/index.php\/marketing-strategico\/\"><span style=\"color:#000000;\"\nonmouseover=\"this.style.color='#929292'\" onmouseout=\"this.style.color='#000000'\">Scopri come farti conoscere al meglio attraverso i canali e gli investimenti giusti!<\/span><\/a><\/h1>\t\t\t\t\t\t\t\t<\/div>\n\t\t\t\t<\/div>\n\t\t\t\t\t<\/div>\n\t\t<\/div>\n\t\t\t\t\t<\/div>\n\t\t<\/section>\n\t\t\t\t\t<\/div>\n\t\t<\/div>\n\t\t\t\t\t<\/div>\n\t\t<\/section>\n\t\t\t\t<\/div>\n\t\t","protected":false},"excerpt":{"rendered":"<p>https:\/\/frame-adv.com\/wp-content\/uploads\/2023\/03\/BRAND-IDENTITY.mp4https:\/\/frame-adv.com\/wp-content\/uploads\/2023\/03\/brand-identity.mp4 La Brand Identity comprende tutti gli elementi visivi e verbali che rispecchiano valori, obiettivi e altri fattori caratteristici della tua attivit\u00e0. Attraverso un accurato lavoro di Brand identity, possiamo creare per la tua azienda una comunicazione immediatamente efficace e riconoscibile nella mente dei clienti. Il logo rappresenta il vero cuore della tua identit\u00e0. Se non ne hai uno o vuoi dare nuova freschezza alla tua attivit\u00e0 rinnovandolo (noi lo chiamiamo re-branding ), ti affiancheremo con i nostri servizi di sviluppo grafico e creativo. Il sito web \u00e8 la tua vetrina sul mondo digitale. Proprio come una bottega del centro storico di una bella citt\u00e0, il sito trasmette a chi lo visita molte informazioni: chi sei, che personalit\u00e0 hai, cosa offri, come lo fai, il tuo stile, le tue idee, in sostanza il tuo mondo. Con la newsletter condividi la tua brand identity. Avvalerti del nostro supporto per una pianificazione &#8230; <\/p>\n<p class=\"read-more-container\"><a title=\"Brand Identity\" class=\"read-more button\" href=\"https:\/\/frame-adv.com\/index.php\/brand-identity\/#more-4081\" aria-label=\"Per saperne di pi\u00f9 su Brand Identity\">Continua<\/a><\/p>\n","protected":false},"author":1,"featured_media":0,"parent":0,"menu_order":0,"comment_status":"closed","ping_status":"closed","template":"","meta":{"footnotes":""},"class_list":["post-4081","page","type-page","status-publish"],"yoast_head":"<!-- This site is optimized with the Yoast SEO plugin v25.5 - https:\/\/yoast.com\/wordpress\/plugins\/seo\/ -->\n<title>Brand Identity - Frame ADV<\/title>\n<meta name=\"description\" content=\"La Brand Identity comprende tutti gli elementi visivi e verbali che rispecchiano valori, obiettivi e altri fattori caratteristici.\" \/>\n<meta name=\"robots\" content=\"index, follow, max-snippet:-1, max-image-preview:large, max-video-preview:-1\" \/>\n<link rel=\"canonical\" href=\"https:\/\/frame-adv.com\/index.php\/brand-identity\/\" \/>\n<meta property=\"og:locale\" content=\"it_IT\" \/>\n<meta property=\"og:type\" content=\"article\" \/>\n<meta property=\"og:title\" content=\"Brand Identity - Frame ADV\" \/>\n<meta property=\"og:description\" content=\"La Brand Identity comprende tutti gli elementi visivi e verbali che rispecchiano valori, obiettivi e altri fattori caratteristici.\" \/>\n<meta property=\"og:url\" content=\"https:\/\/frame-adv.com\/index.php\/brand-identity\/\" \/>\n<meta property=\"og:site_name\" content=\"Frame ADV\" \/>\n<meta property=\"article:modified_time\" content=\"2024-07-02T13:27:58+00:00\" \/>\n<meta name=\"twitter:card\" content=\"summary_large_image\" \/>\n<meta name=\"twitter:label1\" content=\"Tempo di lettura stimato\" \/>\n\t<meta name=\"twitter:data1\" content=\"2 minuti\" \/>\n<script type=\"application\/ld+json\" class=\"yoast-schema-graph\">{\"@context\":\"https:\/\/schema.org\",\"@graph\":[{\"@type\":\"WebPage\",\"@id\":\"https:\/\/frame-adv.com\/index.php\/brand-identity\/\",\"url\":\"https:\/\/frame-adv.com\/index.php\/brand-identity\/\",\"name\":\"Brand Identity - Frame ADV\",\"isPartOf\":{\"@id\":\"https:\/\/frame-adv.com\/#website\"},\"datePublished\":\"2023-03-14T13:26:36+00:00\",\"dateModified\":\"2024-07-02T13:27:58+00:00\",\"description\":\"La Brand Identity comprende tutti gli elementi visivi e verbali che rispecchiano valori, obiettivi e altri fattori caratteristici.\",\"breadcrumb\":{\"@id\":\"https:\/\/frame-adv.com\/index.php\/brand-identity\/#breadcrumb\"},\"inLanguage\":\"it-IT\",\"potentialAction\":[{\"@type\":\"ReadAction\",\"target\":[\"https:\/\/frame-adv.com\/index.php\/brand-identity\/\"]}]},{\"@type\":\"BreadcrumbList\",\"@id\":\"https:\/\/frame-adv.com\/index.php\/brand-identity\/#breadcrumb\",\"itemListElement\":[{\"@type\":\"ListItem\",\"position\":1,\"name\":\"Home\",\"item\":\"https:\/\/frame-adv.com\/\"},{\"@type\":\"ListItem\",\"position\":2,\"name\":\"Brand Identity\"}]},{\"@type\":\"WebSite\",\"@id\":\"https:\/\/frame-adv.com\/#website\",\"url\":\"https:\/\/frame-adv.com\/\",\"name\":\"Frame ADV\",\"description\":\"Agenzia di comunicazione e marketing\",\"publisher\":{\"@id\":\"https:\/\/frame-adv.com\/#organization\"},\"potentialAction\":[{\"@type\":\"SearchAction\",\"target\":{\"@type\":\"EntryPoint\",\"urlTemplate\":\"https:\/\/frame-adv.com\/?s={search_term_string}\"},\"query-input\":{\"@type\":\"PropertyValueSpecification\",\"valueRequired\":true,\"valueName\":\"search_term_string\"}}],\"inLanguage\":\"it-IT\"},{\"@type\":\"Organization\",\"@id\":\"https:\/\/frame-adv.com\/#organization\",\"name\":\"Frame ADV\",\"url\":\"https:\/\/frame-adv.com\/\",\"logo\":{\"@type\":\"ImageObject\",\"inLanguage\":\"it-IT\",\"@id\":\"https:\/\/frame-adv.com\/#\/schema\/logo\/image\/\",\"url\":\"https:\/\/frame-adv.com\/wp-content\/uploads\/2023\/11\/cropped-cropped-E-COMUNICAZIONE.png\",\"contentUrl\":\"https:\/\/frame-adv.com\/wp-content\/uploads\/2023\/11\/cropped-cropped-E-COMUNICAZIONE.png\",\"width\":500,\"height\":136,\"caption\":\"Frame ADV\"},\"image\":{\"@id\":\"https:\/\/frame-adv.com\/#\/schema\/logo\/image\/\"}}]}<\/script>\n<!-- \/ Yoast SEO plugin. -->","yoast_head_json":{"title":"Brand Identity - Frame ADV","description":"La Brand Identity comprende tutti gli elementi visivi e verbali che rispecchiano valori, obiettivi e altri fattori caratteristici.","robots":{"index":"index","follow":"follow","max-snippet":"max-snippet:-1","max-image-preview":"max-image-preview:large","max-video-preview":"max-video-preview:-1"},"canonical":"https:\/\/frame-adv.com\/index.php\/brand-identity\/","og_locale":"it_IT","og_type":"article","og_title":"Brand Identity - Frame ADV","og_description":"La Brand Identity comprende tutti gli elementi visivi e verbali che rispecchiano valori, obiettivi e altri fattori caratteristici.","og_url":"https:\/\/frame-adv.com\/index.php\/brand-identity\/","og_site_name":"Frame ADV","article_modified_time":"2024-07-02T13:27:58+00:00","twitter_card":"summary_large_image","twitter_misc":{"Tempo di lettura stimato":"2 minuti"},"schema":{"@context":"https:\/\/schema.org","@graph":[{"@type":"WebPage","@id":"https:\/\/frame-adv.com\/index.php\/brand-identity\/","url":"https:\/\/frame-adv.com\/index.php\/brand-identity\/","name":"Brand Identity - Frame ADV","isPartOf":{"@id":"https:\/\/frame-adv.com\/#website"},"datePublished":"2023-03-14T13:26:36+00:00","dateModified":"2024-07-02T13:27:58+00:00","description":"La Brand Identity comprende tutti gli elementi visivi e verbali che rispecchiano valori, obiettivi e altri fattori caratteristici.","breadcrumb":{"@id":"https:\/\/frame-adv.com\/index.php\/brand-identity\/#breadcrumb"},"inLanguage":"it-IT","potentialAction":[{"@type":"ReadAction","target":["https:\/\/frame-adv.com\/index.php\/brand-identity\/"]}]},{"@type":"BreadcrumbList","@id":"https:\/\/frame-adv.com\/index.php\/brand-identity\/#breadcrumb","itemListElement":[{"@type":"ListItem","position":1,"name":"Home","item":"https:\/\/frame-adv.com\/"},{"@type":"ListItem","position":2,"name":"Brand Identity"}]},{"@type":"WebSite","@id":"https:\/\/frame-adv.com\/#website","url":"https:\/\/frame-adv.com\/","name":"Frame ADV","description":"Agenzia di comunicazione e marketing","publisher":{"@id":"https:\/\/frame-adv.com\/#organization"},"potentialAction":[{"@type":"SearchAction","target":{"@type":"EntryPoint","urlTemplate":"https:\/\/frame-adv.com\/?s={search_term_string}"},"query-input":{"@type":"PropertyValueSpecification","valueRequired":true,"valueName":"search_term_string"}}],"inLanguage":"it-IT"},{"@type":"Organization","@id":"https:\/\/frame-adv.com\/#organization","name":"Frame ADV","url":"https:\/\/frame-adv.com\/","logo":{"@type":"ImageObject","inLanguage":"it-IT","@id":"https:\/\/frame-adv.com\/#\/schema\/logo\/image\/","url":"https:\/\/frame-adv.com\/wp-content\/uploads\/2023\/11\/cropped-cropped-E-COMUNICAZIONE.png","contentUrl":"https:\/\/frame-adv.com\/wp-content\/uploads\/2023\/11\/cropped-cropped-E-COMUNICAZIONE.png","width":500,"height":136,"caption":"Frame ADV"},"image":{"@id":"https:\/\/frame-adv.com\/#\/schema\/logo\/image\/"}}]}},"_links":{"self":[{"href":"https:\/\/frame-adv.com\/index.php\/wp-json\/wp\/v2\/pages\/4081","targetHints":{"allow":["GET"]}}],"collection":[{"href":"https:\/\/frame-adv.com\/index.php\/wp-json\/wp\/v2\/pages"}],"about":[{"href":"https:\/\/frame-adv.com\/index.php\/wp-json\/wp\/v2\/types\/page"}],"author":[{"embeddable":true,"href":"https:\/\/frame-adv.com\/index.php\/wp-json\/wp\/v2\/users\/1"}],"replies":[{"embeddable":true,"href":"https:\/\/frame-adv.com\/index.php\/wp-json\/wp\/v2\/comments?post=4081"}],"version-history":[{"count":258,"href":"https:\/\/frame-adv.com\/index.php\/wp-json\/wp\/v2\/pages\/4081\/revisions"}],"predecessor-version":[{"id":6484,"href":"https:\/\/frame-adv.com\/index.php\/wp-json\/wp\/v2\/pages\/4081\/revisions\/6484"}],"wp:attachment":[{"href":"https:\/\/frame-adv.com\/index.php\/wp-json\/wp\/v2\/media?parent=4081"}],"curies":[{"name":"wp","href":"https:\/\/api.w.org\/{rel}","templated":true}]}}