{"id":8918,"date":"2026-01-29T08:53:58","date_gmt":"2026-01-29T08:53:58","guid":{"rendered":"https:\/\/frame-adv.com\/?page_id=8918"},"modified":"2026-01-29T13:17:55","modified_gmt":"2026-01-29T13:17:55","slug":"tucano-urbano","status":"publish","type":"page","link":"https:\/\/frame-adv.com\/index.php\/tucano-urbano\/","title":{"rendered":"Tucano Urbano"},"content":{"rendered":"\t\t<div data-elementor-type=\"wp-page\" data-elementor-id=\"8918\" class=\"elementor elementor-8918\" data-elementor-post-type=\"page\">\n\t\t\t\t\t\t<section class=\"elementor-section elementor-top-section elementor-element elementor-element-3e2c12f elementor-section-boxed elementor-section-height-default elementor-section-height-default\" data-id=\"3e2c12f\" data-element_type=\"section\" data-settings=\"{&quot;background_background&quot;:&quot;classic&quot;}\">\n\t\t\t\t\t\t<div class=\"elementor-container elementor-column-gap-default\">\n\t\t\t\t\t<div class=\"elementor-column elementor-col-50 elementor-top-column elementor-element elementor-element-0483efd\" data-id=\"0483efd\" data-element_type=\"column\">\n\t\t\t<div class=\"elementor-widget-wrap elementor-element-populated\">\n\t\t\t\t\t\t<div class=\"elementor-element elementor-element-84f6882 elementor-widget elementor-widget-text-editor\" data-id=\"84f6882\" data-element_type=\"widget\" data-widget_type=\"text-editor.default\">\n\t\t\t\t<div class=\"elementor-widget-container\">\n\t\t\t\t\t\t\t\t\t<p>TUCANO URBANO<\/p>\t\t\t\t\t\t\t\t<\/div>\n\t\t\t\t<\/div>\n\t\t\t\t<div class=\"elementor-element elementor-element-bed367e elementor-widget elementor-widget-text-editor\" data-id=\"bed367e\" data-element_type=\"widget\" data-widget_type=\"text-editor.default\">\n\t\t\t\t<div class=\"elementor-widget-container\">\n\t\t\t\t\t\t\t\t\t<p>Design metropolitano e green value\u00a0<\/p>\t\t\t\t\t\t\t\t<\/div>\n\t\t\t\t<\/div>\n\t\t\t\t<div class=\"elementor-element elementor-element-5ea298a elementor-widget elementor-widget-text-editor\" data-id=\"5ea298a\" data-element_type=\"widget\" data-widget_type=\"text-editor.default\">\n\t\t\t\t<div class=\"elementor-widget-container\">\n\t\t\t\t\t\t\t\t\t<p>Frame Adv ha realizzato, su richiesta dell\u2019ufficio Marketing del brand, il progetto di sceneggiatura per un video corporate con l\u2019obiettivo di raccontare la nuova collezione <strong>Good Wheels<\/strong>, realizzata con il 100% di poliestere riciclato. Una scelta distintiva verso una nuova sostenibilit\u00e0 della produzione.<\/p>\t\t\t\t\t\t\t\t<\/div>\n\t\t\t\t<\/div>\n\t\t\t\t<div class=\"elementor-element elementor-element-b79ae7c elementor-widget elementor-widget-text-editor\" data-id=\"b79ae7c\" data-element_type=\"widget\" data-widget_type=\"text-editor.default\">\n\t\t\t\t<div class=\"elementor-widget-container\">\n\t\t\t\t\t\t\t\t\t<p>Il cliente<\/p>\t\t\t\t\t\t\t\t<\/div>\n\t\t\t\t<\/div>\n\t\t\t\t<div class=\"elementor-element elementor-element-0d88c7c elementor-widget elementor-widget-text-editor\" data-id=\"0d88c7c\" data-element_type=\"widget\" data-widget_type=\"text-editor.default\">\n\t\t\t\t<div class=\"elementor-widget-container\">\n\t\t\t\t\t\t\t\t\t<p><strong>Tucano Urbano<\/strong> \u00e8 il brand di abbigliamento e accessori di riferimento per la mobilit\u00e0 urbana su due ruote. Leader di mercato nelle principali capitali europee, si rivolge agli urban commuters amanti di un design metropolitano e affezionati all\u2019ingegnosit\u00e0 di un prodotto protettivo, performante e, soprattutto, originale. Attraverso specifiche campagne pubblicitarie, promuove collezioni che anno dopo anno conservano gli obiettivi di fondo, valorizzando materiali, soluzioni e scelte di design innovative.<\/p>\t\t\t\t\t\t\t\t<\/div>\n\t\t\t\t<\/div>\n\t\t\t\t\t<\/div>\n\t\t<\/div>\n\t\t\t\t<div class=\"elementor-column elementor-col-50 elementor-top-column elementor-element elementor-element-420447f\" data-id=\"420447f\" data-element_type=\"column\" data-settings=\"{&quot;background_background&quot;:&quot;gradient&quot;}\">\n\t\t\t<div class=\"elementor-widget-wrap elementor-element-populated\">\n\t\t\t\t\t\t<div class=\"elementor-element elementor-element-4527621 elementor-widget elementor-widget-text-editor\" data-id=\"4527621\" data-element_type=\"widget\" data-widget_type=\"text-editor.default\">\n\t\t\t\t<div class=\"elementor-widget-container\">\n\t\t\t\t\t\t\t\t\t<p><strong>IL NOSTRO CONTRIBUTO:\u00a0<br \/><\/strong>VIDEO PUBBLICITARIO <br \/>COLLEZIONE GOOD WHEELS<\/p>\t\t\t\t\t\t\t\t<\/div>\n\t\t\t\t<\/div>\n\t\t\t\t<div class=\"elementor-element elementor-element-233fac4 elementor-hidden-mobile elementor-widget-divider--view-line elementor-widget elementor-widget-divider\" data-id=\"233fac4\" data-element_type=\"widget\" data-widget_type=\"divider.default\">\n\t\t\t\t<div class=\"elementor-widget-container\">\n\t\t\t\t\t\t\t<div class=\"elementor-divider\">\n\t\t\t<span class=\"elementor-divider-separator\">\n\t\t\t\t\t\t<\/span>\n\t\t<\/div>\n\t\t\t\t\t\t<\/div>\n\t\t\t\t<\/div>\n\t\t\t\t\t<\/div>\n\t\t<\/div>\n\t\t\t\t\t<\/div>\n\t\t<\/section>\n\t\t\t\t<section class=\"elementor-section elementor-top-section elementor-element elementor-element-48e68ca elementor-section-boxed elementor-section-height-default elementor-section-height-default\" data-id=\"48e68ca\" data-element_type=\"section\" data-settings=\"{&quot;background_background&quot;:&quot;classic&quot;}\">\n\t\t\t\t\t\t<div class=\"elementor-container elementor-column-gap-default\">\n\t\t\t\t\t<div class=\"elementor-column elementor-col-50 elementor-top-column elementor-element elementor-element-a12e035\" data-id=\"a12e035\" data-element_type=\"column\">\n\t\t\t<div class=\"elementor-widget-wrap elementor-element-populated\">\n\t\t\t\t\t\t<div class=\"elementor-element elementor-element-2d8fdfc elementor-widget elementor-widget-video\" data-id=\"2d8fdfc\" data-element_type=\"widget\" data-settings=\"{&quot;video_type&quot;:&quot;hosted&quot;,&quot;autoplay&quot;:&quot;yes&quot;,&quot;play_on_mobile&quot;:&quot;yes&quot;,&quot;loop&quot;:&quot;yes&quot;,&quot;mute&quot;:&quot;yes&quot;}\" data-widget_type=\"video.default\">\n\t\t\t\t<div class=\"elementor-widget-container\">\n\t\t\t\t\t\t\t<div class=\"e-hosted-video elementor-wrapper elementor-open-inline\">\n\t\t\t\t\t<video class=\"elementor-video\" src=\"https:\/\/frame-adv.ams3.cdn.digitaloceanspaces.com\/Sito%20Frame\/Video\/Tucanourbano_goodwheels2022.mp4\" autoplay=\"\" loop=\"\" muted=\"muted\" playsinline=\"\" controlsList=\"nodownload\"><\/video>\n\t\t\t\t<\/div>\n\t\t\t\t\t\t<\/div>\n\t\t\t\t<\/div>\n\t\t\t\t\t<\/div>\n\t\t<\/div>\n\t\t\t\t<div class=\"elementor-column elementor-col-50 elementor-top-column elementor-element elementor-element-f6c0cdf\" data-id=\"f6c0cdf\" data-element_type=\"column\" data-settings=\"{&quot;background_background&quot;:&quot;classic&quot;}\">\n\t\t\t<div class=\"elementor-widget-wrap elementor-element-populated\">\n\t\t\t\t\t\t<div class=\"elementor-element elementor-element-a4de24d elementor-widget elementor-widget-text-editor\" data-id=\"a4de24d\" data-element_type=\"widget\" data-widget_type=\"text-editor.default\">\n\t\t\t\t<div class=\"elementor-widget-container\">\n\t\t\t\t\t\t\t\t\t<p>Il video<\/p>\t\t\t\t\t\t\t\t<\/div>\n\t\t\t\t<\/div>\n\t\t\t\t<div class=\"elementor-element elementor-element-26f78fa elementor-widget elementor-widget-text-editor\" data-id=\"26f78fa\" data-element_type=\"widget\" data-widget_type=\"text-editor.default\">\n\t\t\t\t<div class=\"elementor-widget-container\">\n\t\t\t\t\t\t\t\t\t<p>In base alla precisa richiesta ricevuta, \u00e8 stata elaborata una sceneggiatura originale per la clip, insieme a parte degli oggetti scenici necessari (in particolare bottiglie di plastica animate), incarnando l\u2019idea della collezione, che nasce dal riciclo di poliestere con il quale vengono realizzati i capi.<\/p>\t\t\t\t\t\t\t\t<\/div>\n\t\t\t\t<\/div>\n\t\t\t\t\t<\/div>\n\t\t<\/div>\n\t\t\t\t\t<\/div>\n\t\t<\/section>\n\t\t\t\t<section class=\"elementor-section elementor-top-section elementor-element elementor-element-50d791e elementor-section-boxed elementor-section-height-default elementor-section-height-default\" data-id=\"50d791e\" data-element_type=\"section\" data-settings=\"{&quot;background_background&quot;:&quot;classic&quot;}\">\n\t\t\t\t\t\t<div class=\"elementor-container elementor-column-gap-default\">\n\t\t\t\t\t<div class=\"elementor-column elementor-col-100 elementor-top-column elementor-element elementor-element-9cd1985\" data-id=\"9cd1985\" data-element_type=\"column\">\n\t\t\t<div class=\"elementor-widget-wrap elementor-element-populated\">\n\t\t\t\t\t\t<div class=\"elementor-element elementor-element-c471a15 elementor-widget elementor-widget-text-editor\" data-id=\"c471a15\" data-element_type=\"widget\" data-widget_type=\"text-editor.default\">\n\t\t\t\t<div class=\"elementor-widget-container\">\n\t\t\t\t\t\t\t\t\t<p>Ricerca creativa e sviluppo<\/p>\t\t\t\t\t\t\t\t<\/div>\n\t\t\t\t<\/div>\n\t\t\t\t\t<\/div>\n\t\t<\/div>\n\t\t\t\t\t<\/div>\n\t\t<\/section>\n\t\t\t\t<section class=\"elementor-section elementor-top-section elementor-element elementor-element-0eb2691 elementor-section-boxed elementor-section-height-default elementor-section-height-default\" data-id=\"0eb2691\" data-element_type=\"section\" data-settings=\"{&quot;background_background&quot;:&quot;classic&quot;}\">\n\t\t\t\t\t\t<div class=\"elementor-container elementor-column-gap-default\">\n\t\t\t\t\t<div class=\"elementor-column elementor-col-100 elementor-top-column elementor-element elementor-element-7b40a1d\" data-id=\"7b40a1d\" data-element_type=\"column\">\n\t\t\t<div class=\"elementor-widget-wrap elementor-element-populated\">\n\t\t\t\t\t\t<div class=\"elementor-element elementor-element-f3c48cc elementor-widget elementor-widget-gallery\" data-id=\"f3c48cc\" data-element_type=\"widget\" data-settings=\"{&quot;gallery_layout&quot;:&quot;justified&quot;,&quot;ideal_row_height&quot;:{&quot;unit&quot;:&quot;px&quot;,&quot;size&quot;:700,&quot;sizes&quot;:[]},&quot;gap&quot;:{&quot;unit&quot;:&quot;px&quot;,&quot;size&quot;:56,&quot;sizes&quot;:[]},&quot;ideal_row_height_tablet&quot;:{&quot;unit&quot;:&quot;px&quot;,&quot;size&quot;:150,&quot;sizes&quot;:[]},&quot;ideal_row_height_mobile&quot;:{&quot;unit&quot;:&quot;px&quot;,&quot;size&quot;:150,&quot;sizes&quot;:[]},&quot;gap_tablet&quot;:{&quot;unit&quot;:&quot;px&quot;,&quot;size&quot;:10,&quot;sizes&quot;:[]},&quot;gap_mobile&quot;:{&quot;unit&quot;:&quot;px&quot;,&quot;size&quot;:10,&quot;sizes&quot;:[]},&quot;content_hover_animation&quot;:&quot;fade-in&quot;}\" data-widget_type=\"gallery.default\">\n\t\t\t\t<div class=\"elementor-widget-container\">\n\t\t\t\t\t\t\t<div class=\"elementor-gallery__container\">\n\t\t\t\t\t\t\t<div class=\"e-gallery-item elementor-gallery-item elementor-animated-content\">\n\t\t\t\t\t<div class=\"e-gallery-image elementor-gallery-item__image\" data-thumbnail=\"https:\/\/frame-adv.com\/wp-content\/uploads\/2026\/01\/porte_Tavola-disegno-1.jpg\" data-width=\"5788\" data-height=\"10068\" aria-label=\"\" role=\"img\" ><\/div>\n\t\t\t\t\t\t\t\t\t\t\t\t\t\t<\/div>\n\t\t\t\t\t\t\t<div class=\"e-gallery-item elementor-gallery-item elementor-animated-content\">\n\t\t\t\t\t<div class=\"e-gallery-image elementor-gallery-item__image\" data-thumbnail=\"https:\/\/frame-adv.com\/wp-content\/uploads\/2026\/01\/porte-02.jpg\" data-width=\"5787\" data-height=\"10069\" aria-label=\"\" role=\"img\" ><\/div>\n\t\t\t\t\t\t\t\t\t\t\t\t\t\t<\/div>\n\t\t\t\t\t\t\t<div class=\"e-gallery-item elementor-gallery-item elementor-animated-content\">\n\t\t\t\t\t<div class=\"e-gallery-image elementor-gallery-item__image\" data-thumbnail=\"https:\/\/frame-adv.com\/wp-content\/uploads\/2026\/01\/portaVERDE-copia.jpg\" data-width=\"9811\" data-height=\"14997\" aria-label=\"\" role=\"img\" ><\/div>\n\t\t\t\t\t\t\t\t\t\t\t\t\t\t<\/div>\n\t\t\t\t\t<\/div>\n\t\t\t\t\t<\/div>\n\t\t\t\t<\/div>\n\t\t\t\t\t<\/div>\n\t\t<\/div>\n\t\t\t\t\t<\/div>\n\t\t<\/section>\n\t\t\t\t<section class=\"elementor-section elementor-top-section elementor-element elementor-element-0e14943 elementor-section-boxed elementor-section-height-default elementor-section-height-default\" data-id=\"0e14943\" data-element_type=\"section\" data-settings=\"{&quot;background_background&quot;:&quot;classic&quot;}\">\n\t\t\t\t\t\t<div class=\"elementor-container elementor-column-gap-default\">\n\t\t\t\t\t<div class=\"elementor-column elementor-col-100 elementor-top-column elementor-element elementor-element-c634756\" data-id=\"c634756\" data-element_type=\"column\">\n\t\t\t<div class=\"elementor-widget-wrap elementor-element-populated\">\n\t\t\t\t\t\t<div class=\"elementor-element elementor-element-91bf70b elementor-widget elementor-widget-gallery\" data-id=\"91bf70b\" data-element_type=\"widget\" data-settings=\"{&quot;gallery_layout&quot;:&quot;justified&quot;,&quot;ideal_row_height&quot;:{&quot;unit&quot;:&quot;px&quot;,&quot;size&quot;:489,&quot;sizes&quot;:[]},&quot;gap&quot;:{&quot;unit&quot;:&quot;px&quot;,&quot;size&quot;:17,&quot;sizes&quot;:[]},&quot;gap_mobile&quot;:{&quot;unit&quot;:&quot;px&quot;,&quot;size&quot;:6,&quot;sizes&quot;:[]},&quot;ideal_row_height_tablet&quot;:{&quot;unit&quot;:&quot;px&quot;,&quot;size&quot;:150,&quot;sizes&quot;:[]},&quot;ideal_row_height_mobile&quot;:{&quot;unit&quot;:&quot;px&quot;,&quot;size&quot;:150,&quot;sizes&quot;:[]},&quot;gap_tablet&quot;:{&quot;unit&quot;:&quot;px&quot;,&quot;size&quot;:10,&quot;sizes&quot;:[]},&quot;content_hover_animation&quot;:&quot;fade-in&quot;}\" data-widget_type=\"gallery.default\">\n\t\t\t\t<div class=\"elementor-widget-container\">\n\t\t\t\t\t\t\t<div class=\"elementor-gallery__container\">\n\t\t\t\t\t\t\t<div class=\"e-gallery-item elementor-gallery-item elementor-animated-content\">\n\t\t\t\t\t<div class=\"e-gallery-image elementor-gallery-item__image\" data-thumbnail=\"https:\/\/frame-adv.com\/wp-content\/uploads\/2026\/01\/drawing_web_ready_2.jpg\" data-width=\"1152\" data-height=\"2048\" aria-label=\"\" role=\"img\" ><\/div>\n\t\t\t\t\t\t\t\t\t\t\t\t\t\t<\/div>\n\t\t\t\t\t\t\t<div class=\"e-gallery-item elementor-gallery-item elementor-animated-content\">\n\t\t\t\t\t<div class=\"e-gallery-image elementor-gallery-item__image\" data-thumbnail=\"https:\/\/frame-adv.com\/wp-content\/uploads\/2026\/01\/TUCANO-1-scaled.jpg\" data-width=\"2560\" data-height=\"2027\" aria-label=\"\" role=\"img\" ><\/div>\n\t\t\t\t\t\t\t\t\t\t\t\t\t\t<\/div>\n\t\t\t\t\t\t\t<div class=\"e-gallery-item elementor-gallery-item elementor-animated-content\">\n\t\t\t\t\t<div class=\"e-gallery-image elementor-gallery-item__image\" data-thumbnail=\"https:\/\/frame-adv.com\/wp-content\/uploads\/2026\/01\/drawing_web_ready_1.jpg\" data-width=\"1152\" data-height=\"2048\" aria-label=\"\" role=\"img\" ><\/div>\n\t\t\t\t\t\t\t\t\t\t\t\t\t\t<\/div>\n\t\t\t\t\t\t\t<div class=\"e-gallery-item elementor-gallery-item elementor-animated-content\">\n\t\t\t\t\t<div class=\"e-gallery-image elementor-gallery-item__image\" data-thumbnail=\"https:\/\/frame-adv.com\/wp-content\/uploads\/2026\/01\/Screenshot-2026-01-27-alle-12.35.20.png\" data-width=\"1676\" data-height=\"952\" aria-label=\"\" role=\"img\" ><\/div>\n\t\t\t\t\t\t\t\t\t\t\t\t\t\t<\/div>\n\t\t\t\t\t\t\t<div class=\"e-gallery-item elementor-gallery-item elementor-animated-content\">\n\t\t\t\t\t<div class=\"e-gallery-image elementor-gallery-item__image\" data-thumbnail=\"https:\/\/frame-adv.com\/wp-content\/uploads\/2026\/01\/bottles_bright_background.jpg\" data-width=\"1536\" data-height=\"2048\" aria-label=\"\" role=\"img\" ><\/div>\n\t\t\t\t\t\t\t\t\t\t\t\t\t\t<\/div>\n\t\t\t\t\t<\/div>\n\t\t\t\t\t<\/div>\n\t\t\t\t<\/div>\n\t\t\t\t\t<\/div>\n\t\t<\/div>\n\t\t\t\t\t<\/div>\n\t\t<\/section>\n\t\t\t\t<\/div>\n\t\t","protected":false},"excerpt":{"rendered":"<p>TUCANO URBANO Design metropolitano e green value\u00a0 Frame Adv ha realizzato, su richiesta dell\u2019ufficio Marketing del brand, il progetto di sceneggiatura per un video corporate con l\u2019obiettivo di raccontare la nuova collezione Good Wheels, realizzata con il 100% di poliestere riciclato. Una scelta distintiva verso una nuova sostenibilit\u00e0 della produzione. Il cliente Tucano Urbano \u00e8 il brand di abbigliamento e accessori di riferimento per la mobilit\u00e0 urbana su due ruote. Leader di mercato nelle principali capitali europee, si rivolge agli urban commuters amanti di un design metropolitano e affezionati all\u2019ingegnosit\u00e0 di un prodotto protettivo, performante e, soprattutto, originale. Attraverso specifiche campagne pubblicitarie, promuove collezioni che anno dopo anno conservano gli obiettivi di fondo, valorizzando materiali, soluzioni e scelte di design innovative. IL NOSTRO CONTRIBUTO:\u00a0VIDEO PUBBLICITARIO COLLEZIONE GOOD WHEELS https:\/\/frame-adv.ams3.cdn.digitaloceanspaces.com\/Sito%20Frame\/Video\/Tucanourbano_goodwheels2022.mp4 Il video In base alla precisa richiesta ricevuta, \u00e8 stata elaborata una sceneggiatura originale per la clip, insieme a parte degli &#8230; <\/p>\n<p class=\"read-more-container\"><a title=\"Tucano Urbano\" class=\"read-more button\" href=\"https:\/\/frame-adv.com\/index.php\/tucano-urbano\/#more-8918\" aria-label=\"Per saperne di pi\u00f9 su Tucano Urbano\">Continua<\/a><\/p>\n","protected":false},"author":1,"featured_media":0,"parent":0,"menu_order":0,"comment_status":"closed","ping_status":"closed","template":"","meta":{"footnotes":""},"class_list":["post-8918","page","type-page","status-publish"],"yoast_head":"<!-- This site is optimized with the Yoast SEO plugin v25.5 - https:\/\/yoast.com\/wordpress\/plugins\/seo\/ -->\n<title>Tucano Urbano - Frame ADV<\/title>\n<meta name=\"robots\" content=\"index, follow, max-snippet:-1, max-image-preview:large, max-video-preview:-1\" \/>\n<link rel=\"canonical\" href=\"https:\/\/frame-adv.com\/index.php\/tucano-urbano\/\" \/>\n<meta property=\"og:locale\" content=\"it_IT\" \/>\n<meta property=\"og:type\" content=\"article\" \/>\n<meta property=\"og:title\" content=\"Tucano Urbano - Frame ADV\" \/>\n<meta property=\"og:description\" content=\"TUCANO URBANO Design metropolitano e green value\u00a0 Frame Adv ha realizzato, su richiesta dell\u2019ufficio Marketing del brand, il progetto di sceneggiatura per un video corporate con l\u2019obiettivo di raccontare la nuova collezione Good Wheels, realizzata con il 100% di poliestere riciclato. Una scelta distintiva verso una nuova sostenibilit\u00e0 della produzione. Il cliente Tucano Urbano \u00e8 il brand di abbigliamento e accessori di riferimento per la mobilit\u00e0 urbana su due ruote. Leader di mercato nelle principali capitali europee, si rivolge agli urban commuters amanti di un design metropolitano e affezionati all\u2019ingegnosit\u00e0 di un prodotto protettivo, performante e, soprattutto, originale. Attraverso specifiche campagne pubblicitarie, promuove collezioni che anno dopo anno conservano gli obiettivi di fondo, valorizzando materiali, soluzioni e scelte di design innovative. IL NOSTRO CONTRIBUTO:\u00a0VIDEO PUBBLICITARIO COLLEZIONE GOOD WHEELS https:\/\/frame-adv.ams3.cdn.digitaloceanspaces.com\/Sito%20Frame\/Video\/Tucanourbano_goodwheels2022.mp4 Il video In base alla precisa richiesta ricevuta, \u00e8 stata elaborata una sceneggiatura originale per la clip, insieme a parte degli ... Continua\" \/>\n<meta property=\"og:url\" content=\"https:\/\/frame-adv.com\/index.php\/tucano-urbano\/\" \/>\n<meta property=\"og:site_name\" content=\"Frame ADV\" \/>\n<meta property=\"article:modified_time\" content=\"2026-01-29T13:17:55+00:00\" \/>\n<meta name=\"twitter:card\" content=\"summary_large_image\" \/>\n<meta name=\"twitter:label1\" content=\"Tempo di lettura stimato\" \/>\n\t<meta name=\"twitter:data1\" content=\"1 minuto\" \/>\n<script type=\"application\/ld+json\" class=\"yoast-schema-graph\">{\"@context\":\"https:\/\/schema.org\",\"@graph\":[{\"@type\":\"WebPage\",\"@id\":\"https:\/\/frame-adv.com\/index.php\/tucano-urbano\/\",\"url\":\"https:\/\/frame-adv.com\/index.php\/tucano-urbano\/\",\"name\":\"Tucano Urbano - Frame ADV\",\"isPartOf\":{\"@id\":\"https:\/\/frame-adv.com\/#website\"},\"datePublished\":\"2026-01-29T08:53:58+00:00\",\"dateModified\":\"2026-01-29T13:17:55+00:00\",\"breadcrumb\":{\"@id\":\"https:\/\/frame-adv.com\/index.php\/tucano-urbano\/#breadcrumb\"},\"inLanguage\":\"it-IT\",\"potentialAction\":[{\"@type\":\"ReadAction\",\"target\":[\"https:\/\/frame-adv.com\/index.php\/tucano-urbano\/\"]}]},{\"@type\":\"BreadcrumbList\",\"@id\":\"https:\/\/frame-adv.com\/index.php\/tucano-urbano\/#breadcrumb\",\"itemListElement\":[{\"@type\":\"ListItem\",\"position\":1,\"name\":\"Home\",\"item\":\"https:\/\/frame-adv.com\/\"},{\"@type\":\"ListItem\",\"position\":2,\"name\":\"Tucano Urbano\"}]},{\"@type\":\"WebSite\",\"@id\":\"https:\/\/frame-adv.com\/#website\",\"url\":\"https:\/\/frame-adv.com\/\",\"name\":\"Frame ADV\",\"description\":\"Agenzia di comunicazione e marketing\",\"publisher\":{\"@id\":\"https:\/\/frame-adv.com\/#organization\"},\"potentialAction\":[{\"@type\":\"SearchAction\",\"target\":{\"@type\":\"EntryPoint\",\"urlTemplate\":\"https:\/\/frame-adv.com\/?s={search_term_string}\"},\"query-input\":{\"@type\":\"PropertyValueSpecification\",\"valueRequired\":true,\"valueName\":\"search_term_string\"}}],\"inLanguage\":\"it-IT\"},{\"@type\":\"Organization\",\"@id\":\"https:\/\/frame-adv.com\/#organization\",\"name\":\"Frame ADV\",\"url\":\"https:\/\/frame-adv.com\/\",\"logo\":{\"@type\":\"ImageObject\",\"inLanguage\":\"it-IT\",\"@id\":\"https:\/\/frame-adv.com\/#\/schema\/logo\/image\/\",\"url\":\"https:\/\/frame-adv.com\/wp-content\/uploads\/2023\/11\/cropped-cropped-E-COMUNICAZIONE.png\",\"contentUrl\":\"https:\/\/frame-adv.com\/wp-content\/uploads\/2023\/11\/cropped-cropped-E-COMUNICAZIONE.png\",\"width\":500,\"height\":136,\"caption\":\"Frame ADV\"},\"image\":{\"@id\":\"https:\/\/frame-adv.com\/#\/schema\/logo\/image\/\"}}]}<\/script>\n<!-- \/ Yoast SEO plugin. -->","yoast_head_json":{"title":"Tucano Urbano - Frame ADV","robots":{"index":"index","follow":"follow","max-snippet":"max-snippet:-1","max-image-preview":"max-image-preview:large","max-video-preview":"max-video-preview:-1"},"canonical":"https:\/\/frame-adv.com\/index.php\/tucano-urbano\/","og_locale":"it_IT","og_type":"article","og_title":"Tucano Urbano - Frame ADV","og_description":"TUCANO URBANO Design metropolitano e green value\u00a0 Frame Adv ha realizzato, su richiesta dell\u2019ufficio Marketing del brand, il progetto di sceneggiatura per un video corporate con l\u2019obiettivo di raccontare la nuova collezione Good Wheels, realizzata con il 100% di poliestere riciclato. Una scelta distintiva verso una nuova sostenibilit\u00e0 della produzione. Il cliente Tucano Urbano \u00e8 il brand di abbigliamento e accessori di riferimento per la mobilit\u00e0 urbana su due ruote. Leader di mercato nelle principali capitali europee, si rivolge agli urban commuters amanti di un design metropolitano e affezionati all\u2019ingegnosit\u00e0 di un prodotto protettivo, performante e, soprattutto, originale. Attraverso specifiche campagne pubblicitarie, promuove collezioni che anno dopo anno conservano gli obiettivi di fondo, valorizzando materiali, soluzioni e scelte di design innovative. IL NOSTRO CONTRIBUTO:\u00a0VIDEO PUBBLICITARIO COLLEZIONE GOOD WHEELS https:\/\/frame-adv.ams3.cdn.digitaloceanspaces.com\/Sito%20Frame\/Video\/Tucanourbano_goodwheels2022.mp4 Il video In base alla precisa richiesta ricevuta, \u00e8 stata elaborata una sceneggiatura originale per la clip, insieme a parte degli ... Continua","og_url":"https:\/\/frame-adv.com\/index.php\/tucano-urbano\/","og_site_name":"Frame ADV","article_modified_time":"2026-01-29T13:17:55+00:00","twitter_card":"summary_large_image","twitter_misc":{"Tempo di lettura stimato":"1 minuto"},"schema":{"@context":"https:\/\/schema.org","@graph":[{"@type":"WebPage","@id":"https:\/\/frame-adv.com\/index.php\/tucano-urbano\/","url":"https:\/\/frame-adv.com\/index.php\/tucano-urbano\/","name":"Tucano Urbano - Frame ADV","isPartOf":{"@id":"https:\/\/frame-adv.com\/#website"},"datePublished":"2026-01-29T08:53:58+00:00","dateModified":"2026-01-29T13:17:55+00:00","breadcrumb":{"@id":"https:\/\/frame-adv.com\/index.php\/tucano-urbano\/#breadcrumb"},"inLanguage":"it-IT","potentialAction":[{"@type":"ReadAction","target":["https:\/\/frame-adv.com\/index.php\/tucano-urbano\/"]}]},{"@type":"BreadcrumbList","@id":"https:\/\/frame-adv.com\/index.php\/tucano-urbano\/#breadcrumb","itemListElement":[{"@type":"ListItem","position":1,"name":"Home","item":"https:\/\/frame-adv.com\/"},{"@type":"ListItem","position":2,"name":"Tucano Urbano"}]},{"@type":"WebSite","@id":"https:\/\/frame-adv.com\/#website","url":"https:\/\/frame-adv.com\/","name":"Frame ADV","description":"Agenzia di comunicazione e marketing","publisher":{"@id":"https:\/\/frame-adv.com\/#organization"},"potentialAction":[{"@type":"SearchAction","target":{"@type":"EntryPoint","urlTemplate":"https:\/\/frame-adv.com\/?s={search_term_string}"},"query-input":{"@type":"PropertyValueSpecification","valueRequired":true,"valueName":"search_term_string"}}],"inLanguage":"it-IT"},{"@type":"Organization","@id":"https:\/\/frame-adv.com\/#organization","name":"Frame ADV","url":"https:\/\/frame-adv.com\/","logo":{"@type":"ImageObject","inLanguage":"it-IT","@id":"https:\/\/frame-adv.com\/#\/schema\/logo\/image\/","url":"https:\/\/frame-adv.com\/wp-content\/uploads\/2023\/11\/cropped-cropped-E-COMUNICAZIONE.png","contentUrl":"https:\/\/frame-adv.com\/wp-content\/uploads\/2023\/11\/cropped-cropped-E-COMUNICAZIONE.png","width":500,"height":136,"caption":"Frame ADV"},"image":{"@id":"https:\/\/frame-adv.com\/#\/schema\/logo\/image\/"}}]}},"_links":{"self":[{"href":"https:\/\/frame-adv.com\/index.php\/wp-json\/wp\/v2\/pages\/8918","targetHints":{"allow":["GET"]}}],"collection":[{"href":"https:\/\/frame-adv.com\/index.php\/wp-json\/wp\/v2\/pages"}],"about":[{"href":"https:\/\/frame-adv.com\/index.php\/wp-json\/wp\/v2\/types\/page"}],"author":[{"embeddable":true,"href":"https:\/\/frame-adv.com\/index.php\/wp-json\/wp\/v2\/users\/1"}],"replies":[{"embeddable":true,"href":"https:\/\/frame-adv.com\/index.php\/wp-json\/wp\/v2\/comments?post=8918"}],"version-history":[{"count":119,"href":"https:\/\/frame-adv.com\/index.php\/wp-json\/wp\/v2\/pages\/8918\/revisions"}],"predecessor-version":[{"id":9169,"href":"https:\/\/frame-adv.com\/index.php\/wp-json\/wp\/v2\/pages\/8918\/revisions\/9169"}],"wp:attachment":[{"href":"https:\/\/frame-adv.com\/index.php\/wp-json\/wp\/v2\/media?parent=8918"}],"curies":[{"name":"wp","href":"https:\/\/api.w.org\/{rel}","templated":true}]}}